{"id":146324,"date":"2015-06-11T16:03:51","date_gmt":"2015-06-11T16:03:51","guid":{"rendered":"https:\/\/drillco.com\/preguntas-frecuentes\/"},"modified":"2024-11-16T17:42:28","modified_gmt":"2024-11-16T17:42:28","slug":"faq","status":"publish","type":"page","link":"https:\/\/drillco.com\/es\/faq\/","title":{"rendered":"FAQ"},"content":{"rendered":"<div class=\"wpb-content-wrapper\"><p>[vc_row row_height_percent=\u00bb60&#8243; override_padding=\u00bbyes\u00bb h_padding=\u00bb2&#8243; top_padding=\u00bb4&#8243; bottom_padding=\u00bb4&#8243; back_image=\u00bb143208&#8243; back_position=\u00bbcenter bottom\u00bb parallax=\u00bbyes\u00bb overlay_color=\u00bbcolor-352203&#8243; overlay_alpha=\u00bb96&#8243; gutter_size=\u00bb3&#8243; column_width_percent=\u00bb100&#8243; shift_y=\u00bb0&#8243; z_index=\u00bb0&#8243; enable_bottom_divider=\u00bbdefault\u00bb bottom_divider=\u00bbgradient\u00bb shape_bottom_h_use_pixel=\u00bbtrue\u00bb shape_bottom_height_percent=\u00bb100&#8243; shape_bottom_color=\u00bbcolor-wayh\u00bb shape_bottom_opacity=\u00bb50&#8243; shape_bottom_index=\u00bb0&#8243; uncode_shortcode_id=\u00bb104479&#8243; overlay_color_type=\u00bbuncode-palette\u00bb shape_bottom_color_type=\u00bbuncode-palette\u00bb][vc_column column_width_percent=\u00bb100&#8243; position_vertical=\u00bbbottom\u00bb gutter_size=\u00bb3&#8243; style=\u00bbdark\u00bb overlay_alpha=\u00bb50&#8243; shift_x=\u00bb0&#8243; shift_y=\u00bb0&#8243; shift_y_down=\u00bb0&#8243; z_index=\u00bb0&#8243; medium_width=\u00bb0&#8243; mobile_width=\u00bb0&#8243; zoom_width=\u00bb0&#8243; zoom_height=\u00bb0&#8243; width=\u00bb1\/1&#8243; uncode_shortcode_id=\u00bb335162&#8243;][vc_custom_heading heading_semantic=\u00bbh1&#8243; text_size=\u00bbfontsize-445851&#8243; text_weight=\u00bb700&#8243; text_height=\u00bbfontheight-578034&#8243; text_uppercase=\u00bb\u00bb uncode_shortcode_id=\u00bb511758&#8243; el_class=\u00bbmy-heading\u00bb]FAQ[\/vc_custom_heading][vc_empty_space empty_h=\u00bb2&#8243;][vc_row_inner][vc_column_inner width=\u00bb2\/3&#8243;][vc_custom_heading text_color=\u00bbcolor-xsdn\u00bb heading_semantic=\u00bbh3&#8243; text_size=\u00bbh4&#8243; text_weight=\u00bb400&#8243; text_height=\u00bbfontheight-357766&#8243; uncode_shortcode_id=\u00bb146682&#8243; text_color_type=\u00bbuncode-palette\u00bb]<span style=\"font-weight: 400;\">Aqu\u00ed respondemos a las preguntas m\u00e1s frecuentes sobre nuestros productos y servicios, asegur\u00e1ndonos de que dispones de toda la informaci\u00f3n necesaria para maximizar la seguridad, eficacia y productividad de tus operaciones de perforaci\u00f3n.<\/span>[\/vc_custom_heading][\/vc_column_inner][vc_column_inner width=\u00bb1\/3&#8243;][\/vc_column_inner][\/vc_row_inner][\/vc_column][\/vc_row][vc_row row_height_percent=\u00bb0&#8243; override_padding=\u00bbyes\u00bb h_padding=\u00bb2&#8243; top_padding=\u00bb4&#8243; bottom_padding=\u00bb4&#8243; overlay_alpha=\u00bb100&#8243; gutter_size=\u00bb100&#8243; column_width_percent=\u00bb100&#8243; shift_y=\u00bb0&#8243; z_index=\u00bb0&#8243; style=\u00bbinherited\u00bb][vc_column column_width_percent=\u00bb100&#8243; gutter_size=\u00bb3&#8243; overlay_alpha=\u00bb50&#8243; shift_x=\u00bb0&#8243; shift_y=\u00bb0&#8243; shift_y_down=\u00bb0&#8243; z_index=\u00bb0&#8243; medium_width=\u00bb0&#8243; mobile_width=\u00bb0&#8243; zoom_width=\u00bb0&#8243; zoom_height=\u00bb0&#8243; width=\u00bb1\/1&#8243; uncode_shortcode_id=\u00bb790384&#8243;][vc_custom_heading heading_semantic=\u00bbh3&#8243; text_size=\u00bbh3&#8243; text_space=\u00bbfontspace-781688&#8243; uncode_shortcode_id=\u00bb116015&#8243;]Preguntas generales[\/vc_custom_heading][vc_accordion typography=\u00bbadvanced\u00bb sign=\u00bbplus\u00bb content_border=\u00bbyes\u00bb title_padding=\u00bbyes\u00bb gutter_simple=\u00bb1&#8243; no_h_padding=\u00bbyes\u00bb titles_size=\u00bbh5&#8243; titles_weight=\u00bb500&#8243; active_tab=\u00bb0&#8243; uncode_shortcode_id=\u00bb561374&#8243;][vc_accordion_tab gutter_size=\u00bb2&#8243; column_padding=\u00bb2&#8243; title=\u00bb\u00bfQu\u00e9 productos ofrece Drillco\u00ae?\u00bb tab_id=\u00bb24a731b5-e185-3&#8243;][vc_column_text uncode_shortcode_id=\u00bb252486&#8243;]<span style=\"font-weight: 400;\">Drillco<strong><sup>\u00ae<\/sup><\/strong> est\u00e1 especializada en una amplia gama de herramientas y equipos de perforaci\u00f3n, incluidas brocas, varillas y accesorios dise\u00f1ados para diversas aplicaciones de perforaci\u00f3n. Nuestros productos est\u00e1n dise\u00f1ados para mejorar el rendimiento y la durabilidad, satisfaciendo las rigurosas exigencias de las industrias minera y de la construcci\u00f3n.<\/span>[\/vc_column_text][\/vc_accordion_tab][vc_accordion_tab gutter_size=\u00bb2&#8243; column_padding=\u00bb2&#8243; title=\u00bb\u00bfC\u00f3mo garantiza Drillco\u00ae la calidad de sus productos?\u00bb tab_id=\u00bb51669b3a-8e8e-2&#8243;][vc_column_text uncode_shortcode_id=\u00bb460347&#8243;]<span style=\"font-weight: 400;\">En Drillco<strong><sup>\u00ae <\/sup><\/strong>la calidad es primordial. Seguimos estrictos procesos de control de calidad y utilizamos tecnolog\u00edas de fabricaci\u00f3n de vanguardia. Nuestros productos se someten a rigurosas pruebas para garantizar que cumplen las normas internacionales y funcionan de forma fiable sobre el terreno.<\/span>[\/vc_column_text][\/vc_accordion_tab][vc_accordion_tab gutter_size=\u00bb2&#8243; column_padding=\u00bb2&#8243; title=\u00bb\u00bfQu\u00e9 caracter\u00edsticas de seguridad integran los productos Drillco\u00ae?\u00bb tab_id=\u00bbef5915c9-1af0-2&#8243;][vc_column_text uncode_shortcode_id=\u00bb743640&#8243;]<span style=\"font-weight: 400;\">La seguridad es un objetivo central en Drillco<strong><sup>\u00ae<\/sup><\/strong>. Nuestros productos est\u00e1n dise\u00f1ados con funciones de seguridad avanzadas, como mecanismos de desconexi\u00f3n autom\u00e1tica, amortiguaci\u00f3n de vibraciones y dise\u00f1os ergon\u00f3micos para reducir la fatiga del operario y evitar accidentes.<\/span>[\/vc_column_text][\/vc_accordion_tab][vc_accordion_tab gutter_size=\u00bb2&#8243; column_padding=\u00bb2&#8243; title=\u00bb\u00bfPuede Drillco\u00ae proporcionar soluciones personalizadas para necesidades de perforaci\u00f3n espec\u00edficas?\u00bb tab_id=\u00bb0a882431-6c4b-0&#8243;][vc_column_text uncode_shortcode_id=\u00bb190489&#8243;]<span style=\"font-weight: 400;\">S\u00ed, Drillco<strong><sup>\u00ae<\/sup><\/strong> ofrece soluciones personalizadas adaptadas a los requisitos espec\u00edficos de cada proyecto. Nuestro equipo trabaja en estrecha colaboraci\u00f3n con los clientes para dise\u00f1ar y fabricar herramientas a medida que optimicen la eficiencia y la eficacia de la perforaci\u00f3n.<\/span>[\/vc_column_text][\/vc_accordion_tab][\/vc_accordion][\/vc_column][\/vc_row][vc_row unlock_row_content=\u00bbyes\u00bb row_height_percent=\u00bb0&#8243; override_padding=\u00bbyes\u00bb h_padding=\u00bb0&#8243; top_padding=\u00bb0&#8243; bottom_padding=\u00bb0&#8243; overlay_alpha=\u00bb50&#8243; gutter_size=\u00bb3&#8243; shift_y=\u00bb0&#8243;][vc_column column_width_percent=\u00bb100&#8243; gutter_size=\u00bb3&#8243; overlay_alpha=\u00bb50&#8243; shift_x=\u00bb0&#8243; shift_y=\u00bb0&#8243; medium_width=\u00bb0&#8243; zoom_width=\u00bb0&#8243; zoom_height=\u00bb0&#8243; width=\u00bb1\/1&#8243;][vc_separator sep_color=\u00bb,Default\u00bb][\/vc_column][\/vc_row][vc_row unlock_row=\u00bb\u00bb row_height_percent=\u00bb0&#8243; override_padding=\u00bbyes\u00bb h_padding=\u00bb2&#8243; top_padding=\u00bb4&#8243; bottom_padding=\u00bb4&#8243; overlay_alpha=\u00bb100&#8243; gutter_size=\u00bb100&#8243; column_width_percent=\u00bb100&#8243; shift_y=\u00bb0&#8243; z_index=\u00bb0&#8243; style=\u00bbinherited\u00bb uncode_shortcode_id=\u00bb667299&#8243;][vc_column column_width_percent=\u00bb100&#8243; gutter_size=\u00bb3&#8243; overlay_alpha=\u00bb50&#8243; shift_x=\u00bb0&#8243; shift_y=\u00bb0&#8243; shift_y_down=\u00bb0&#8243; z_index=\u00bb0&#8243; medium_width=\u00bb0&#8243; mobile_width=\u00bb0&#8243; zoom_width=\u00bb0&#8243; zoom_height=\u00bb0&#8243; width=\u00bb1\/1&#8243; uncode_shortcode_id=\u00bb203082&#8243;][vc_custom_heading heading_semantic=\u00bbh3&#8243; text_size=\u00bbh3&#8243; text_space=\u00bbfontspace-781688&#8243; uncode_shortcode_id=\u00bb178076&#8243;]M\u00e1s sobre nosotros[\/vc_custom_heading][vc_accordion typography=\u00bbadvanced\u00bb sign=\u00bbplus\u00bb content_border=\u00bbyes\u00bb title_padding=\u00bbyes\u00bb gutter_simple=\u00bb1&#8243; no_h_padding=\u00bbyes\u00bb titles_size=\u00bbh5&#8243; titles_weight=\u00bb500&#8243; active_tab=\u00bb0&#8243; uncode_shortcode_id=\u00bb902087&#8243;][vc_accordion_tab gutter_size=\u00bb2&#8243; column_padding=\u00bb2&#8243; title=\u00bb\u00bfC\u00f3mo contribuye Drillco\u00ae a las pr\u00e1cticas mineras sostenibles?\u00bb tab_id=\u00bb8f0dc6f1-4ec3-5&#8243;][vc_column_text uncode_shortcode_id=\u00bb989200&#8243;]<span style=\"font-weight: 400;\">Drillco<strong><sup>\u00ae<\/sup><\/strong> est\u00e1 comprometida con la sostenibilidad. Dise\u00f1amos productos que minimizan el impacto medioambiental mediante operaciones energ\u00e9ticamente eficientes y la reducci\u00f3n de residuos. Adem\u00e1s, ofrecemos programas de reciclaje de equipos y piezas usados.<\/span>[\/vc_column_text][\/vc_accordion_tab][vc_accordion_tab gutter_size=\u00bb2&#8243; column_padding=\u00bb2&#8243; title=\u00bb\u00bfQu\u00e9 ventajas tiene asociarse con Drillco\u00ae?\u00bb tab_id=\u00bb50e10135-1e62-4&#8243;][vc_column_text uncode_shortcode_id=\u00bb155966&#8243;]<span style=\"font-weight: 400;\">Asociaci\u00f3n con Drillco<strong><sup>\u00ae<\/sup><\/strong> significa acceder a tecnolog\u00eda punta, asistencia experta y el compromiso de mejorar tu eficacia operativa y tu seguridad. Trabajamos como un socio de confianza para ayudarte a alcanzar los objetivos de tu proyecto.<\/span>[\/vc_column_text][\/vc_accordion_tab][vc_accordion_tab gutter_size=\u00bb2&#8243; column_padding=\u00bb2&#8243; title=\u00bb\u00bfC\u00f3mo garantiza Drillco\u00ae la entrega puntual de los productos?\u00bb tab_id=\u00bbd8dc8142-7792-3&#8243;][vc_column_text uncode_shortcode_id=\u00bb774315&#8243;]<span style=\"font-weight: 400;\">Mantenemos una s\u00f3lida red de cadena de suministro y procesos log\u00edsticos eficientes para garantizar la entrega puntual de los productos. Nuestros almacenes y centros de distribuci\u00f3n estrat\u00e9gicos nos permiten satisfacer los pedidos con rapidez y fiabilidad.<\/span>[\/vc_column_text][\/vc_accordion_tab][vc_accordion_tab gutter_size=\u00bb2&#8243; column_padding=\u00bb2&#8243; title=\u00bb\u00bfQu\u00e9 programas de formaci\u00f3n ofrece Drillco\u00ae?\u00bb tab_id=\u00bb4df00ea1-2d3b-4&#8243;][vc_column_text uncode_shortcode_id=\u00bb134109&#8243;]<span style=\"font-weight: 400;\">Drillco<strong><sup>\u00ae<\/sup><\/strong> ofrece amplios programas de formaci\u00f3n para operadores y personal de mantenimiento. Nuestra formaci\u00f3n abarca el funcionamiento de los equipos, los protocolos de seguridad y los procedimientos de mantenimiento para garantizar un rendimiento y una seguridad \u00f3ptimos.<\/span>[\/vc_column_text][\/vc_accordion_tab][vc_accordion_tab gutter_size=\u00bb2&#8243; column_padding=\u00bb2&#8243; title=\u00bb\u00bfC\u00f3mo puedo ponerme en contacto con Drillco\u00ae para obtener asistencia t\u00e9cnica o realizar consultas?\u00bb tab_id=\u00bb1723256690006-4-7&#8243;][vc_column_text uncode_shortcode_id=\u00bb206888&#8243;]<span style=\"font-weight: 400;\">Para asistencia t\u00e9cnica o cualquier consulta, puedes ponerte en contacto con Drillco<strong><sup>\u00ae<\/sup><\/strong> a trav\u00e9s de nuestro tel\u00e9fono de atenci\u00f3n al cliente, por correo electr\u00f3nico o rellenando el formulario de contacto de nuestro sitio web. Nuestro equipo se dedica a prestar asistencia r\u00e1pida y eficaz.<\/span>[\/vc_column_text][\/vc_accordion_tab][\/vc_accordion][\/vc_column][\/vc_row]<\/p>\n<\/div>","protected":false},"excerpt":{"rendered":"<p>[vc_row row_height_percent=\u00bb60&#8243; override_padding=\u00bbyes\u00bb h_padding=\u00bb2&#8243; top_padding=\u00bb4&#8243; bottom_padding=\u00bb4&#8243; back_image=\u00bb143208&#8243; back_position=\u00bbcenter bottom\u00bb parallax=\u00bbyes\u00bb overlay_color=\u00bbcolor-352203&#8243; overlay_alpha=\u00bb96&#8243; gutter_size=\u00bb3&#8243; column_width_percent=\u00bb100&#8243; shift_y=\u00bb0&#8243; z_index=\u00bb0&#8243; enable_bottom_divider=\u00bbdefault\u00bb bottom_divider=\u00bbgradient\u00bb shape_bottom_h_use_pixel=\u00bbtrue\u00bb shape_bottom_height_percent=\u00bb100&#8243; [&hellip;]<\/p>\n","protected":false},"author":2,"featured_media":0,"parent":0,"menu_order":0,"comment_status":"closed","ping_status":"closed","template":"","meta":{"footnotes":""},"class_list":["post-146324","page","type-page","status-publish","hentry"],"_links":{"self":[{"href":"https:\/\/drillco.com\/es\/wp-json\/wp\/v2\/pages\/146324","targetHints":{"allow":["GET"]}}],"collection":[{"href":"https:\/\/drillco.com\/es\/wp-json\/wp\/v2\/pages"}],"about":[{"href":"https:\/\/drillco.com\/es\/wp-json\/wp\/v2\/types\/page"}],"author":[{"embeddable":true,"href":"https:\/\/drillco.com\/es\/wp-json\/wp\/v2\/users\/2"}],"replies":[{"embeddable":true,"href":"https:\/\/drillco.com\/es\/wp-json\/wp\/v2\/comments?post=146324"}],"version-history":[{"count":0,"href":"https:\/\/drillco.com\/es\/wp-json\/wp\/v2\/pages\/146324\/revisions"}],"wp:attachment":[{"href":"https:\/\/drillco.com\/es\/wp-json\/wp\/v2\/media?parent=146324"}],"curies":[{"name":"wp","href":"https:\/\/api.w.org\/{rel}","templated":true}]}}