{"id":146330,"date":"2024-09-05T21:29:57","date_gmt":"2024-09-05T21:29:57","guid":{"rendered":"https:\/\/drillco.com\/politica-de-calidad\/"},"modified":"2024-11-16T16:06:36","modified_gmt":"2024-11-16T16:06:36","slug":"politica-de-calidad","status":"publish","type":"page","link":"https:\/\/drillco.com\/es\/politica-de-calidad\/","title":{"rendered":"Pol\u00edtica de calidad"},"content":{"rendered":"<div class=\"wpb-content-wrapper\"><p>[vc_row unlock_row_content=\u00bbyes\u00bb row_height_percent=\u00bb0&#8243; override_padding=\u00bbyes\u00bb h_padding=\u00bb5&#8243; top_padding=\u00bb4&#8243; bottom_padding=\u00bb3&#8243; back_color=\u00bbcolor-xsdn\u00bb overlay_alpha=\u00bb50&#8243; gutter_size=\u00bb4&#8243; column_width_percent=\u00bb100&#8243; shift_y=\u00bb0&#8243; z_index=\u00bb0&#8243; top_divider=\u00bbgradient\u00bb bottom_divider=\u00bbgradient\u00bb inverted_device_order=\u00bbyes\u00bb uncode_shortcode_id=\u00bb641382&#8243; back_color_type=\u00bbuncode-palette\u00bb][vc_column column_width_percent=\u00bb100&#8243; position_vertical=\u00bbmiddle\u00bb gutter_size=\u00bb3&#8243; overlay_alpha=\u00bb50&#8243; shift_x=\u00bb0&#8243; shift_y=\u00bb0&#8243; shift_y_down=\u00bb0&#8243; z_index=\u00bb0&#8243; medium_width=\u00bb0&#8243; mobile_width=\u00bb0&#8243; css_animation=\u00bbalpha-anim\u00bb animation_speed=\u00bb1000&#8243; width=\u00bb1\/2&#8243; uncode_shortcode_id=\u00bb484410&#8243;][vc_custom_heading text_color=\u00bbcolor-xsdn\u00bb heading_semantic=\u00bbh6&#8243; text_size=\u00bbcustom\u00bb text_weight=\u00bb600&#8243; text_transform=\u00bbuppercase\u00bb text_height=\u00bbfontheight-357766&#8243; text_space=\u00bbfontspace-210350&#8243; badge_style=\u00bbyes\u00bb back_color=\u00bbaccent\u00bb uncode_shortcode_id=\u00bb659980&#8243; text_color_type=\u00bbuncode-palette\u00bb back_color_type=\u00bbuncode-palette\u00bb heading_custom_size=\u00bb15&#8243;]<span style=\"font-weight: 400;\">Pol\u00edtica de calidad<\/span>[\/vc_custom_heading][vc_custom_heading text_size=\u00bbfontsize-293852&#8243; text_height=\u00bbfontheight-357766&#8243; uncode_shortcode_id=\u00bb286683&#8243;]Drillco\u00ae certifica la calidad de sus procesos, garantizando que los productos cumplen las normas exigidas.[\/vc_custom_heading][vc_custom_heading text_size=\u00bbh3&#8243; text_weight=\u00bb300&#8243; text_height=\u00bbfontheight-357766&#8243; uncode_shortcode_id=\u00bb602995&#8243;]Nuestros productos se fabrican seg\u00fan normas definidas para cada proceso.[\/vc_custom_heading][\/vc_column][vc_column column_width_percent=\u00bb100&#8243; gutter_size=\u00bb3&#8243; overlay_alpha=\u00bb50&#8243; shift_x=\u00bb0&#8243; shift_y=\u00bb0&#8243; shift_y_down=\u00bb0&#8243; z_index=\u00bb0&#8243; medium_width=\u00bb0&#8243; mobile_width=\u00bb0&#8243; css_animation=\u00bbalpha-anim\u00bb animation_speed=\u00bb1000&#8243; width=\u00bb1\/2&#8243; uncode_shortcode_id=\u00bb327424&#8243;][\/vc_column][\/vc_row][vc_row unlock_row_content=\u00bbyes\u00bb row_height_percent=\u00bb0&#8243; override_padding=\u00bbyes\u00bb h_padding=\u00bb5&#8243; top_padding=\u00bb1&#8243; bottom_padding=\u00bb3&#8243; back_color=\u00bbcolor-xsdn\u00bb overlay_alpha=\u00bb50&#8243; gutter_size=\u00bb4&#8243; column_width_percent=\u00bb100&#8243; shift_y=\u00bb0&#8243; z_index=\u00bb0&#8243; top_divider=\u00bbgradient\u00bb bottom_divider=\u00bbgradient\u00bb inverted_device_order=\u00bbyes\u00bb uncode_shortcode_id=\u00bb484565&#8243; back_color_type=\u00bbuncode-palette\u00bb][vc_column column_width_percent=\u00bb100&#8243; position_vertical=\u00bbmiddle\u00bb gutter_size=\u00bb3&#8243; overlay_alpha=\u00bb50&#8243; shift_x=\u00bb0&#8243; shift_y=\u00bb0&#8243; shift_y_down=\u00bb0&#8243; z_index=\u00bb0&#8243; medium_width=\u00bb0&#8243; mobile_width=\u00bb0&#8243; css_animation=\u00bbalpha-anim\u00bb animation_speed=\u00bb1000&#8243; width=\u00bb1\/2&#8243; uncode_shortcode_id=\u00bb484410&#8243;][vc_column_text text_lead=\u00bbyes\u00bb uncode_shortcode_id=\u00bb105038&#8243;]<strong>Dise\u00f1o<br \/>\n<\/strong>Disponemos de software propio para el modelado termodin\u00e1mico del martillo y su interacci\u00f3n con la broca, as\u00ed como de software est\u00e1ndar para el c\u00e1lculo de esfuerzos y el dise\u00f1o. Adem\u00e1s, disponemos de bancos de pruebas internos y equipos de perforaci\u00f3n equipados para verificar los resultados de la simulaci\u00f3n, validar los dise\u00f1os y proporcionar informaci\u00f3n para mejorar el modelo con vistas a su desarrollo posterior.[\/vc_column_text][\/vc_column][vc_column column_width_percent=\u00bb100&#8243; gutter_size=\u00bb3&#8243; overlay_alpha=\u00bb50&#8243; shift_x=\u00bb0&#8243; shift_y=\u00bb0&#8243; shift_y_down=\u00bb0&#8243; z_index=\u00bb0&#8243; medium_width=\u00bb0&#8243; mobile_width=\u00bb0&#8243; css_animation=\u00bbalpha-anim\u00bb animation_speed=\u00bb1000&#8243; width=\u00bb1\/2&#8243; uncode_shortcode_id=\u00bb327424&#8243;][vc_column_text text_lead=\u00bbyes\u00bb uncode_shortcode_id=\u00bb124191&#8243;]<strong>Materias primas<br \/>\n<\/strong>Compramos acero y plaquitas de carburo de wolframio que cumplen las normas internacionales (SAE, AISI, AMS) y las nuestras propias, a proveedores debidamente validados mediante nuestras pruebas de laboratorio y ensayos de campo. Adem\u00e1s de exigir certificados del fabricante original, realizamos inspecciones comparativas con normas para cada lote de materias primas.[\/vc_column_text][\/vc_column][\/vc_row][vc_row unlock_row_content=\u00bbyes\u00bb row_height_percent=\u00bb0&#8243; override_padding=\u00bbyes\u00bb h_padding=\u00bb5&#8243; top_padding=\u00bb1&#8243; bottom_padding=\u00bb3&#8243; back_color=\u00bbcolor-xsdn\u00bb overlay_alpha=\u00bb50&#8243; gutter_size=\u00bb4&#8243; column_width_percent=\u00bb100&#8243; shift_y=\u00bb0&#8243; z_index=\u00bb0&#8243; top_divider=\u00bbgradient\u00bb bottom_divider=\u00bbgradient\u00bb inverted_device_order=\u00bbyes\u00bb uncode_shortcode_id=\u00bb135250&#8243; back_color_type=\u00bbuncode-palette\u00bb][vc_column column_width_percent=\u00bb100&#8243; position_vertical=\u00bbmiddle\u00bb gutter_size=\u00bb3&#8243; overlay_alpha=\u00bb50&#8243; shift_x=\u00bb0&#8243; shift_y=\u00bb0&#8243; shift_y_down=\u00bb0&#8243; z_index=\u00bb0&#8243; medium_width=\u00bb0&#8243; mobile_width=\u00bb0&#8243; css_animation=\u00bbalpha-anim\u00bb animation_speed=\u00bb1000&#8243; width=\u00bb1\/2&#8243; uncode_shortcode_id=\u00bb484410&#8243;][vc_column_text text_lead=\u00bbyes\u00bb uncode_shortcode_id=\u00bb891606&#8243;]<strong>Mecanizado<br \/>\n<\/strong>M\u00e1s del 90% de nuestros procesos de mecanizado se realizan con equipos CNC. La fabricaci\u00f3n se realiza siguiendo instrucciones operativas con un autocontrol riguroso de los procesos.[\/vc_column_text][\/vc_column][vc_column column_width_percent=\u00bb100&#8243; gutter_size=\u00bb3&#8243; overlay_alpha=\u00bb50&#8243; shift_x=\u00bb0&#8243; shift_y=\u00bb0&#8243; shift_y_down=\u00bb0&#8243; z_index=\u00bb0&#8243; medium_width=\u00bb0&#8243; mobile_width=\u00bb0&#8243; css_animation=\u00bbalpha-anim\u00bb animation_speed=\u00bb1000&#8243; width=\u00bb1\/2&#8243; uncode_shortcode_id=\u00bb327424&#8243;][vc_column_text text_lead=\u00bbyes\u00bb uncode_shortcode_id=\u00bb378276&#8243;]<strong>Tratamiento T\u00e9rmico<br \/>\n<\/strong>00% de los tratamientos t\u00e9rmicos se realizan en nuestra propia planta, siguiendo las especificaciones t\u00e9cnicas de trabajo, las instrucciones operativas y los controles de proceso asociados a cada uno de nuestros productos.[\/vc_column_text][\/vc_column][\/vc_row][vc_row unlock_row_content=\u00bbyes\u00bb row_height_percent=\u00bb0&#8243; override_padding=\u00bbyes\u00bb h_padding=\u00bb5&#8243; top_padding=\u00bb1&#8243; bottom_padding=\u00bb3&#8243; back_color=\u00bbcolor-xsdn\u00bb overlay_alpha=\u00bb50&#8243; gutter_size=\u00bb4&#8243; column_width_percent=\u00bb100&#8243; shift_y=\u00bb0&#8243; z_index=\u00bb0&#8243; top_divider=\u00bbgradient\u00bb bottom_divider=\u00bbgradient\u00bb inverted_device_order=\u00bbyes\u00bb uncode_shortcode_id=\u00bb119116&#8243; back_color_type=\u00bbuncode-palette\u00bb][vc_column column_width_percent=\u00bb100&#8243; position_vertical=\u00bbmiddle\u00bb gutter_size=\u00bb3&#8243; overlay_alpha=\u00bb50&#8243; shift_x=\u00bb0&#8243; shift_y=\u00bb0&#8243; shift_y_down=\u00bb0&#8243; z_index=\u00bb0&#8243; medium_width=\u00bb0&#8243; mobile_width=\u00bb0&#8243; css_animation=\u00bbalpha-anim\u00bb animation_speed=\u00bb1000&#8243; width=\u00bb1\/2&#8243; uncode_shortcode_id=\u00bb484410&#8243;][vc_column_text text_lead=\u00bbyes\u00bb uncode_shortcode_id=\u00bb890447&#8243;]<strong>Montaje de componentes<br \/>\n<\/strong>Cada montaje se realiza seg\u00fan procedimientos definidos que se alinean con cada modelo, guiados por maestros de montaje definidos por el sistema. Cada conjunto se monta con un n\u00famero de serie asignado, y se lleva un registro de todos los componentes. Para los martillos, cada unidad se somete a una prueba de percusi\u00f3n.[\/vc_column_text][\/vc_column][vc_column column_width_percent=\u00bb100&#8243; gutter_size=\u00bb3&#8243; overlay_alpha=\u00bb50&#8243; shift_x=\u00bb0&#8243; shift_y=\u00bb0&#8243; shift_y_down=\u00bb0&#8243; z_index=\u00bb0&#8243; medium_width=\u00bb0&#8243; mobile_width=\u00bb0&#8243; css_animation=\u00bbalpha-anim\u00bb animation_speed=\u00bb1000&#8243; width=\u00bb1\/2&#8243; uncode_shortcode_id=\u00bb327424&#8243;][vc_column_text text_lead=\u00bbyes\u00bb uncode_shortcode_id=\u00bb341194&#8243;]<strong>Almac\u00e9n<br \/>\n<\/strong>Seg\u00fan la matriz de gesti\u00f3n de piezas y el procedimiento nacional de expedici\u00f3n, asociado a brocas y martillos.[\/vc_column_text][\/vc_column][\/vc_row][vc_row unlock_row_content=\u00bbyes\u00bb row_height_percent=\u00bb0&#8243; override_padding=\u00bbyes\u00bb h_padding=\u00bb0&#8243; top_padding=\u00bb0&#8243; bottom_padding=\u00bb0&#8243; back_color=\u00bbcolor-lxmt\u00bb overlay_alpha=\u00bb50&#8243; equal_height=\u00bbyes\u00bb gutter_size=\u00bb0&#8243; column_width_percent=\u00bb100&#8243; shift_y=\u00bb0&#8243; z_index=\u00bb0&#8243; uncode_shortcode_id=\u00bb530085&#8243; back_color_type=\u00bbuncode-palette\u00bb][vc_column column_width_percent=\u00bb100&#8243; gutter_size=\u00bb3&#8243; back_image=\u00bb144463&#8243; overlay_alpha=\u00bb50&#8243; shift_x=\u00bb0&#8243; shift_y=\u00bb0&#8243; shift_y_down=\u00bb0&#8243; z_index=\u00bb0&#8243; medium_width=\u00bb0&#8243; mobile_width=\u00bb0&#8243; width=\u00bb1\/2&#8243; mobile_height=\u00bb340&#8243; uncode_shortcode_id=\u00bb256721&#8243;][\/vc_column][vc_column column_width_use_pixel=\u00bbyes\u00bb gutter_size=\u00bb3&#8243; override_padding=\u00bbyes\u00bb column_padding=\u00bb5&#8243; overlay_alpha=\u00bb50&#8243; shift_x=\u00bb0&#8243; shift_y=\u00bb0&#8243; shift_y_down=\u00bb0&#8243; z_index=\u00bb0&#8243; medium_width=\u00bb0&#8243; mobile_width=\u00bb0&#8243; width=\u00bb1\/2&#8243; column_width_pixel=\u00bb528&#8243;][vc_custom_heading text_color=\u00bbcolor-xsdn\u00bb heading_semantic=\u00bbh6&#8243; text_size=\u00bbcustom\u00bb text_transform=\u00bbuppercase\u00bb text_height=\u00bbfontheight-357766&#8243; text_space=\u00bbfontspace-210350&#8243; badge_style=\u00bbyes\u00bb back_color=\u00bbaccent\u00bb uncode_shortcode_id=\u00bb189974&#8243; text_color_type=\u00bbuncode-palette\u00bb back_color_type=\u00bbuncode-palette\u00bb heading_custom_size=\u00bb15&#8243;]Nuestra misi\u00f3n[\/vc_custom_heading][vc_custom_heading text_size=\u00bbfontsize-293852&#8243; uncode_shortcode_id=\u00bb147263&#8243;]Certificaci\u00f3n de Mejora Continua.[\/vc_custom_heading][vc_column_text text_lead=\u00bbyes\u00bb uncode_shortcode_id=\u00bb106494&#8243;]Nuestra misi\u00f3n es contribuir a una explotaci\u00f3n de los recursos sostenible en el tiempo. Nos centramos en desarrollar innovaciones basadas en la tecnolog\u00eda a trav\u00e9s de procesos relacionados con la extracci\u00f3n. Nuestro objetivo es aumentar la eficacia, reducir el consumo de recursos cr\u00edticos y minimizar el impacto negativo tanto en el medio ambiente como en las personas implicadas.[\/vc_column_text][vc_empty_space empty_h=\u00bb1&#8243;][\/vc_column][\/vc_row][vc_row unlock_row_content=\u00bbyes\u00bb row_height_percent=\u00bb0&#8243; override_padding=\u00bbyes\u00bb h_padding=\u00bb0&#8243; top_padding=\u00bb0&#8243; bottom_padding=\u00bb0&#8243; overlay_alpha=\u00bb50&#8243; equal_height=\u00bbyes\u00bb gutter_size=\u00bb0&#8243; column_width_percent=\u00bb100&#8243; shift_y=\u00bb0&#8243; z_index=\u00bb0&#8243; uncode_shortcode_id=\u00bb155300&#8243;][vc_column column_width_use_pixel=\u00bbyes\u00bb gutter_size=\u00bb3&#8243; override_padding=\u00bbyes\u00bb column_padding=\u00bb5&#8243; overlay_alpha=\u00bb50&#8243; shift_x=\u00bb0&#8243; shift_y=\u00bb0&#8243; shift_y_down=\u00bb0&#8243; z_index=\u00bb0&#8243; medium_width=\u00bb0&#8243; mobile_width=\u00bb0&#8243; width=\u00bb1\/2&#8243; column_width_pixel=\u00bb700&#8243; uncode_shortcode_id=\u00bb140395&#8243;][vc_custom_heading text_color=\u00bbcolor-xsdn\u00bb heading_semantic=\u00bbh6&#8243; text_size=\u00bbcustom\u00bb text_transform=\u00bbuppercase\u00bb text_height=\u00bbfontheight-357766&#8243; text_space=\u00bbfontspace-210350&#8243; badge_style=\u00bbyes\u00bb back_color=\u00bbaccent\u00bb uncode_shortcode_id=\u00bb207882&#8243; text_color_type=\u00bbuncode-palette\u00bb back_color_type=\u00bbuncode-palette\u00bb heading_custom_size=\u00bb15&#8243;]Nuestra visi\u00f3n[\/vc_custom_heading][vc_custom_heading text_size=\u00bbfontsize-293852&#8243; uncode_shortcode_id=\u00bb142182&#8243;]Ofrecer productos y servicios para la exploraci\u00f3n y explotaci\u00f3n de recursos minerales, h\u00eddricos y energ\u00e9ticos.[\/vc_custom_heading][vc_column_text text_lead=\u00bbyes\u00bb uncode_shortcode_id=\u00bb213841&#8243;]Nos centramos principalmente en los procesos m\u00e1s cr\u00edticos para nuestros clientes, creando soluciones innovadoras que tengan un impacto significativo en estos procesos. Dada la naturaleza de nuestros clientes, nuestras innovaciones tienen una s\u00f3lida base tecnol\u00f3gica. Nuestro reto es aprovechar nuestra experiencia en el mercado de consumibles de perforaci\u00f3n para expandirnos a nuevas regiones e industrias.[\/vc_column_text][vc_empty_space empty_h=\u00bb1&#8243;][\/vc_column][vc_column column_width_use_pixel=\u00bbyes\u00bb gutter_size=\u00bb3&#8243; override_padding=\u00bbyes\u00bb column_padding=\u00bb5&#8243; overlay_alpha=\u00bb50&#8243; shift_x=\u00bb0&#8243; shift_y=\u00bb0&#8243; shift_y_down=\u00bb0&#8243; z_index=\u00bb0&#8243; medium_width=\u00bb0&#8243; mobile_width=\u00bb0&#8243; width=\u00bb1\/2&#8243; mobile_height=\u00bb340&#8243; uncode_shortcode_id=\u00bb911553&#8243; column_width_pixel=\u00bb700&#8243;][vc_row_inner row_inner_height_percent=\u00bb0&#8243; overlay_alpha=\u00bb50&#8243; gutter_size=\u00bb4&#8243; shift_y=\u00bb0&#8243; z_index=\u00bb0&#8243; limit_content=\u00bb\u00bb][vc_column_inner column_width_percent=\u00bb100&#8243; gutter_size=\u00bb3&#8243; overlay_alpha=\u00bb50&#8243; shift_x=\u00bb0&#8243; shift_y=\u00bb0&#8243; shift_y_down=\u00bb0&#8243; z_index=\u00bb0&#8243; medium_width=\u00bb4&#8243; mobile_width=\u00bb0&#8243; width=\u00bb1\/1&#8243; uncode_shortcode_id=\u00bb184495&#8243;][vc_custom_heading text_size=\u00bbfontsize-293852&#8243; uncode_shortcode_id=\u00bb912120&#8243;]Los 7 pilares de nuestra propuesta de valor[\/vc_custom_heading][uncode_list larger=\u00bbyes\u00bb icon=\u00bbfa fa-minus2&#8243; uncode_shortcode_id=\u00bb759045&#8243;]<\/p>\n<ol>\n<li>Disponibilidad continua de herramientas.<\/li>\n<li>Control de la vida \u00fatil de la herramienta de perforaci\u00f3n.<\/li>\n<li>Mejora continua del coste por metro.<\/li>\n<li>Personalizaci\u00f3n basada en el dise\u00f1o ad hoc.<\/li>\n<li>Cursos y formaci\u00f3n sobre martillos y brocas.<\/li>\n<li>Servicios de mantenimiento de martillos y brocas.<\/li>\n<li>Asesoramiento y apoyo para reducir los Costes Totales de Perforaci\u00f3n.<\/li>\n<\/ol>\n<p>[\/uncode_list][\/vc_column_inner][\/vc_row_inner][\/vc_column][\/vc_row][vc_row row_height_percent=\u00bb63&#8243; back_image=\u00bb144477&#8243; parallax=\u00bbyes\u00bb overlay_alpha=\u00bb50&#8243; gutter_size=\u00bb3&#8243; column_width_percent=\u00bb100&#8243; shift_y=\u00bb0&#8243; z_index=\u00bb0&#8243; uncode_shortcode_id=\u00bb209180&#8243;][vc_column width=\u00bb1\/1&#8243;][\/vc_column][\/vc_row]<\/p>\n<\/div>","protected":false},"excerpt":{"rendered":"<p>[vc_row unlock_row_content=\u00bbyes\u00bb row_height_percent=\u00bb0&#8243; override_padding=\u00bbyes\u00bb h_padding=\u00bb5&#8243; top_padding=\u00bb4&#8243; bottom_padding=\u00bb3&#8243; back_color=\u00bbcolor-xsdn\u00bb overlay_alpha=\u00bb50&#8243; gutter_size=\u00bb4&#8243; column_width_percent=\u00bb100&#8243; shift_y=\u00bb0&#8243; z_index=\u00bb0&#8243; top_divider=\u00bbgradient\u00bb bottom_divider=\u00bbgradient\u00bb inverted_device_order=\u00bbyes\u00bb uncode_shortcode_id=\u00bb641382&#8243; back_color_type=\u00bbuncode-palette\u00bb][vc_column column_width_percent=\u00bb100&#8243; position_vertical=\u00bbmiddle\u00bb [&hellip;]<\/p>\n","protected":false},"author":2,"featured_media":0,"parent":0,"menu_order":0,"comment_status":"closed","ping_status":"closed","template":"","meta":{"footnotes":""},"class_list":["post-146330","page","type-page","status-publish","hentry"],"_links":{"self":[{"href":"https:\/\/drillco.com\/es\/wp-json\/wp\/v2\/pages\/146330","targetHints":{"allow":["GET"]}}],"collection":[{"href":"https:\/\/drillco.com\/es\/wp-json\/wp\/v2\/pages"}],"about":[{"href":"https:\/\/drillco.com\/es\/wp-json\/wp\/v2\/types\/page"}],"author":[{"embeddable":true,"href":"https:\/\/drillco.com\/es\/wp-json\/wp\/v2\/users\/2"}],"replies":[{"embeddable":true,"href":"https:\/\/drillco.com\/es\/wp-json\/wp\/v2\/comments?post=146330"}],"version-history":[{"count":0,"href":"https:\/\/drillco.com\/es\/wp-json\/wp\/v2\/pages\/146330\/revisions"}],"wp:attachment":[{"href":"https:\/\/drillco.com\/es\/wp-json\/wp\/v2\/media?parent=146330"}],"curies":[{"name":"wp","href":"https:\/\/api.w.org\/{rel}","templated":true}]}}