{"id":146348,"date":"2024-09-12T13:41:17","date_gmt":"2024-09-12T13:41:17","guid":{"rendered":"https:\/\/drillco.com\/seguridad-y-productividad\/"},"modified":"2024-11-16T18:47:08","modified_gmt":"2024-11-16T18:47:08","slug":"seguridad-y-productividad","status":"publish","type":"page","link":"https:\/\/drillco.com\/es\/seguridad-y-productividad\/","title":{"rendered":"Seguridad y productividad"},"content":{"rendered":"<div class=\"wpb-content-wrapper\"><p>[vc_row unlock_row_content=\u00bbyes\u00bb row_height_percent=\u00bb67&#8243; override_padding=\u00bbyes\u00bb h_padding=\u00bb4&#8243; top_padding=\u00bb4&#8243; bottom_padding=\u00bb0&#8243; back_image=\u00bb145328&#8243; parallax=\u00bbyes\u00bb overlay_color=\u00bbcolor-433797&#8243; overlay_alpha=\u00bb84&#8243; gutter_size=\u00bb3&#8243; column_width_percent=\u00bb100&#8243; shift_y=\u00bb0&#8243; z_index=\u00bb0&#8243; bottom_divider=\u00bbgradient\u00bb uncode_shortcode_id=\u00bb140007&#8243; el_class=\u00bboverflow-hidden\u00bb overlay_color_type=\u00bbuncode-palette\u00bb][vc_column column_width_percent=\u00bb100&#8243; position_vertical=\u00bbbottom\u00bb gutter_size=\u00bb4&#8243; style=\u00bbdark\u00bb overlay_alpha=\u00bb50&#8243; shift_x=\u00bb0&#8243; shift_y=\u00bb0&#8243; shift_y_down=\u00bb0&#8243; z_index=\u00bb0&#8243; medium_width=\u00bb0&#8243; mobile_width=\u00bb0&#8243; width=\u00bb1\/1&#8243; uncode_shortcode_id=\u00bb112102&#8243;][vc_row_inner row_inner_height_percent=\u00bb0&#8243; overlay_alpha=\u00bb50&#8243; gutter_size=\u00bb4&#8243; shift_y=\u00bb0&#8243; z_index=\u00bb0&#8243; limit_content=\u00bb\u00bb uncode_shortcode_id=\u00bb171274&#8243;][vc_column_inner column_width_percent=\u00bb100&#8243; gutter_size=\u00bb3&#8243; style=\u00bbdark\u00bb overlay_alpha=\u00bb50&#8243; shift_x=\u00bb0&#8243; shift_y=\u00bb0&#8243; shift_y_down=\u00bb0&#8243; z_index=\u00bb0&#8243; medium_width=\u00bb0&#8243; mobile_width=\u00bb0&#8243; width=\u00bb8\/12&#8243; uncode_shortcode_id=\u00bb898854&#8243;][vc_empty_space empty_h=\u00bb3&#8243;][vc_custom_heading text_color=\u00bbcolor-xsdn\u00bb heading_semantic=\u00bbh6&#8243; text_size=\u00bbcustom\u00bb text_transform=\u00bbuppercase\u00bb text_height=\u00bbfontheight-357766&#8243; text_space=\u00bbfontspace-210350&#8243; badge_style=\u00bbyes\u00bb back_color=\u00bbaccent\u00bb uncode_shortcode_id=\u00bb103247&#8243; text_color_type=\u00bbuncode-palette\u00bb back_color_type=\u00bbuncode-palette\u00bb heading_custom_size=\u00bb15&#8243;]<a data-title=\"Safety &amp; Productivity\">Seguridad y productividad<\/a>[\/vc_custom_heading][vc_custom_heading text_color=\u00bbcolor-xsdn\u00bb text_font=\u00bbfont-183662&#8243; text_size=\u00bbfontsize-155944&#8243; text_weight=\u00bb300&#8243; uncode_shortcode_id=\u00bb128361&#8243; text_color_type=\u00bbuncode-palette\u00bb]Con d\u00e9cadas de experiencia en perforaci\u00f3n de roca dura, <strong>Drillco<\/strong><span style=\"font-weight: 400;\"><strong><sup>\u00ae<\/sup><\/strong><\/span> ofrece soluciones innovadoras que mejoran la seguridad y aumentan la productividad en el sector de la perforaci\u00f3n.[\/vc_custom_heading][\/vc_column_inner][vc_column_inner column_width_percent=\u00bb100&#8243; gutter_size=\u00bb3&#8243; overlay_alpha=\u00bb50&#8243; shift_x=\u00bb0&#8243; shift_y=\u00bb0&#8243; shift_y_down=\u00bb0&#8243; z_index=\u00bb0&#8243; medium_width=\u00bb0&#8243; mobile_visibility=\u00bbyes\u00bb mobile_width=\u00bb0&#8243; width=\u00bb2\/12&#8243; uncode_shortcode_id=\u00bb137179&#8243;][\/vc_column_inner][vc_column_inner column_width_percent=\u00bb100&#8243; gutter_size=\u00bb2&#8243; style=\u00bbdark\u00bb overlay_alpha=\u00bb50&#8243; shift_x=\u00bb0&#8243; shift_y=\u00bb0&#8243; shift_y_down=\u00bb0&#8243; z_index=\u00bb0&#8243; medium_width=\u00bb0&#8243; mobile_width=\u00bb0&#8243; css_animation=\u00bbalpha-anim\u00bb animation_speed=\u00bb1000&#8243; width=\u00bb2\/12&#8243; uncode_shortcode_id=\u00bb127463&#8243;][\/vc_column_inner][\/vc_row_inner][vc_row_inner row_inner_height_percent=\u00bb0&#8243; overlay_alpha=\u00bb50&#8243; gutter_size=\u00bb4&#8243; shift_y=\u00bb0&#8243; z_index=\u00bb0&#8243; limit_content=\u00bb\u00bb uncode_shortcode_id=\u00bb134686&#8243;][vc_column_inner column_width_percent=\u00bb100&#8243; gutter_size=\u00bb3&#8243; style=\u00bbdark\u00bb overlay_alpha=\u00bb50&#8243; shift_x=\u00bb0&#8243; shift_y=\u00bb0&#8243; shift_y_down=\u00bb0&#8243; z_index=\u00bb0&#8243; medium_width=\u00bb4&#8243; mobile_visibility=\u00bbyes\u00bb mobile_width=\u00bb0&#8243; css_animation=\u00bbalpha-anim\u00bb animation_speed=\u00bb1000&#8243; width=\u00bb1\/3&#8243; uncode_shortcode_id=\u00bb104577&#8243; css=\u00bb.vc_custom_1680601715767{padding-top: 0px !important;}\u00bb][vc_custom_heading text_color=\u00bbaccent\u00bb heading_semantic=\u00bbh6&#8243; text_font=\u00bbfont-183662&#8243; text_size=\u00bbh3&#8243; text_weight=\u00bb400&#8243; css_animation=\u00bbcurtain\u00bb uncode_shortcode_id=\u00bb141384&#8243; text_color_type=\u00bbuncode-palette\u00bb]\u2e3a Proteger a las personas[\/vc_custom_heading][\/vc_column_inner][vc_column_inner column_width_percent=\u00bb100&#8243; gutter_size=\u00bb3&#8243; style=\u00bbdark\u00bb overlay_alpha=\u00bb50&#8243; shift_x=\u00bb0&#8243; shift_y=\u00bb0&#8243; shift_y_down=\u00bb0&#8243; z_index=\u00bb0&#8243; medium_width=\u00bb4&#8243; mobile_visibility=\u00bbyes\u00bb mobile_width=\u00bb0&#8243; css_animation=\u00bbalpha-anim\u00bb animation_speed=\u00bb1000&#8243; width=\u00bb1\/3&#8243; uncode_shortcode_id=\u00bb468325&#8243; css=\u00bb.vc_custom_1680601734366{padding-top: 0px !important;}\u00bb][vc_custom_heading text_color=\u00bbcolor-163280&#8243; heading_semantic=\u00bbh6&#8243; text_font=\u00bbfont-183662&#8243; text_size=\u00bbh3&#8243; text_weight=\u00bb400&#8243; css_animation=\u00bbcurtain\u00bb uncode_shortcode_id=\u00bb134617&#8243; text_color_type=\u00bbuncode-palette\u00bb]\u2e3a Mejorar el rendimiento[\/vc_custom_heading][\/vc_column_inner][vc_column_inner column_width_percent=\u00bb100&#8243; gutter_size=\u00bb3&#8243; overlay_alpha=\u00bb50&#8243; shift_x=\u00bb0&#8243; shift_y=\u00bb0&#8243; shift_y_down=\u00bb0&#8243; z_index=\u00bb0&#8243; medium_width=\u00bb0&#8243; mobile_width=\u00bb0&#8243; width=\u00bb1\/3&#8243; uncode_shortcode_id=\u00bb557331&#8243;][vc_empty_space empty_h=\u00bb4&#8243; medium_visibility=\u00bbyes\u00bb mobile_visibility=\u00bbyes\u00bb][\/vc_column_inner][\/vc_row_inner][\/vc_column][\/vc_row][vc_row unlock_row_content=\u00bbyes\u00bb row_height_percent=\u00bb0&#8243; override_padding=\u00bbyes\u00bb h_padding=\u00bb0&#8243; top_padding=\u00bb0&#8243; bottom_padding=\u00bb0&#8243; overlay_alpha=\u00bb50&#8243; equal_height=\u00bbyes\u00bb gutter_size=\u00bb0&#8243; column_width_percent=\u00bb100&#8243; shift_y=\u00bb0&#8243; z_index=\u00bb0&#8243; uncode_shortcode_id=\u00bb782415&#8243;][vc_column column_width_use_pixel=\u00bbyes\u00bb gutter_size=\u00bb3&#8243; override_padding=\u00bbyes\u00bb column_padding=\u00bb5&#8243; overlay_alpha=\u00bb50&#8243; shift_x=\u00bb0&#8243; shift_y=\u00bb0&#8243; shift_y_down=\u00bb0&#8243; z_index=\u00bb0&#8243; medium_width=\u00bb0&#8243; mobile_width=\u00bb0&#8243; width=\u00bb1\/2&#8243; column_width_pixel=\u00bb528&#8243; uncode_shortcode_id=\u00bb118698&#8243;][vc_custom_heading text_color=\u00bbcolor-xsdn\u00bb heading_semantic=\u00bbh6&#8243; text_size=\u00bbcustom\u00bb text_transform=\u00bbuppercase\u00bb text_height=\u00bbfontheight-357766&#8243; text_space=\u00bbfontspace-210350&#8243; badge_style=\u00bbyes\u00bb back_color=\u00bbaccent\u00bb uncode_shortcode_id=\u00bb433214&#8243; text_color_type=\u00bbuncode-palette\u00bb back_color_type=\u00bbuncode-palette\u00bb heading_custom_size=\u00bb15&#8243;]Seguridad[\/vc_custom_heading][vc_custom_heading text_size=\u00bbfontsize-293852&#8243; uncode_shortcode_id=\u00bb784094&#8243;]Proteger a las personas, mejorar el rendimiento.[\/vc_custom_heading][vc_column_text text_lead=\u00bbyes\u00bb uncode_shortcode_id=\u00bb124151&#8243;]La seguridad es una prioridad fundamental en la perforaci\u00f3n, las canteras, la ingenier\u00eda civil, la geotermia y otros sectores relacionados, donde los trabajadores suelen estar expuestos a condiciones peligrosas. En todo el mundo, la industria hace hincapi\u00e9 en reducir la exposici\u00f3n humana mediante la automatizaci\u00f3n, la supervisi\u00f3n en tiempo real y estrictos protocolos de seguridad. La integraci\u00f3n de equipos teledirigidos y sistemas de seguridad avanzados ha reducido significativamente el riesgo de accidentes y ha mejorado la seguridad operativa. Al dar prioridad a las pr\u00e1cticas seguras, las empresas no s\u00f3lo protegen a sus trabajadores, sino que tambi\u00e9n mejoran la eficacia operativa, ya que unos entornos m\u00e1s seguros contribuyen a unas operaciones m\u00e1s fluidas e ininterrumpidas.[\/vc_column_text][vc_empty_space empty_h=\u00bb1&#8243;][\/vc_column][vc_column column_width_use_pixel=\u00bbyes\u00bb gutter_size=\u00bb3&#8243; override_padding=\u00bbyes\u00bb column_padding=\u00bb5&#8243; back_color=\u00bbcolor-lxmt\u00bb overlay_alpha=\u00bb50&#8243; shift_x=\u00bb0&#8243; shift_y=\u00bb0&#8243; shift_y_down=\u00bb0&#8243; z_index=\u00bb0&#8243; medium_width=\u00bb0&#8243; mobile_width=\u00bb0&#8243; width=\u00bb1\/2&#8243; mobile_height=\u00bb340&#8243; uncode_shortcode_id=\u00bb363563&#8243; column_width_pixel=\u00bb528&#8243; back_color_type=\u00bbuncode-palette\u00bb][vc_custom_heading text_color=\u00bbcolor-xsdn\u00bb heading_semantic=\u00bbh6&#8243; text_size=\u00bbcustom\u00bb text_transform=\u00bbuppercase\u00bb text_height=\u00bbfontheight-357766&#8243; text_space=\u00bbfontspace-210350&#8243; badge_style=\u00bbyes\u00bb back_color=\u00bbaccent\u00bb uncode_shortcode_id=\u00bb922149&#8243; text_color_type=\u00bbuncode-palette\u00bb back_color_type=\u00bbuncode-palette\u00bb heading_custom_size=\u00bb15&#8243;]Productividad[\/vc_custom_heading][vc_custom_heading text_size=\u00bbfontsize-293852&#8243; uncode_shortcode_id=\u00bb952681&#8243;]Aumentando la eficacia,<br \/>\nimpulsando los resultados.[\/vc_custom_heading][vc_column_text text_lead=\u00bbyes\u00bb uncode_shortcode_id=\u00bb388594&#8243;]<span style=\"font-weight: 400;\">La productividad es fundamental en perforaciones, canteras, obras civiles y operaciones geot\u00e9rmicas, donde la eficiencia repercute directamente en los plazos y costes de los proyectos. Los avances tecnol\u00f3gicos, como los equipos automatizados, la toma de decisiones basada en datos y las herramientas de comunicaci\u00f3n en tiempo real, han revolucionado la productividad. Por ejemplo, equipos como Safetruck<sup>\u00ae<\/sup> y Drilltruck<sup>\u00ae<\/sup>\u00a0automatizan las tareas repetitivas, reducen el trabajo manual y agilizan las operaciones, reduciendo el tiempo de inactividad y aumentando la producci\u00f3n. Al invertir continuamente en tecnolog\u00edas innovadoras, el sector mejora su capacidad para satisfacer las crecientes demandas, al tiempo que mantiene altos niveles de seguridad y eficacia, garantizando que los proyectos se completen a tiempo y dentro del presupuesto.<\/span>[\/vc_column_text][vc_empty_space empty_h=\u00bb1&#8243;][\/vc_column][\/vc_row][vc_row unlock_row_content=\u00bbyes\u00bb row_height_percent=\u00bb41&#8243; override_padding=\u00bbyes\u00bb h_padding=\u00bb4&#8243; top_padding=\u00bb0&#8243; bottom_padding=\u00bb2&#8243; back_color=\u00bbcolor-xsdn\u00bb back_image=\u00bb143208&#8243; parallax=\u00bbyes\u00bb overlay_color=\u00bbcolor-433797&#8243; overlay_alpha=\u00bb97&#8243; gutter_size=\u00bb3&#8243; column_width_percent=\u00bb100&#8243; shift_y=\u00bb0&#8243; z_index=\u00bb0&#8243; uncode_shortcode_id=\u00bb578626&#8243; back_color_type=\u00bbuncode-palette\u00bb row_name=\u00bbtop\u00bb row_height_pixel=\u00bb300&#8243; overlay_color_type=\u00bbuncode-palette\u00bb][vc_column column_width_percent=\u00bb100&#8243; position_vertical=\u00bbmiddle\u00bb align_horizontal=\u00bbalign_center\u00bb gutter_size=\u00bb4&#8243; style=\u00bbdark\u00bb overlay_alpha=\u00bb50&#8243; shift_x=\u00bb0&#8243; shift_y=\u00bb0&#8243; shift_y_down=\u00bb0&#8243; z_index=\u00bb0&#8243; medium_width=\u00bb0&#8243; mobile_width=\u00bb0&#8243; css_animation=\u00bbalpha-anim\u00bb animation_speed=\u00bb1000&#8243; width=\u00bb1\/1&#8243; uncode_shortcode_id=\u00bb196464&#8243;][vc_row_inner row_inner_height_percent=\u00bb0&#8243; overlay_alpha=\u00bb50&#8243; gutter_size=\u00bb4&#8243; shift_y=\u00bb0&#8243; z_index=\u00bb0&#8243; limit_content=\u00bb\u00bb uncode_shortcode_id=\u00bb130187&#8243;][vc_column_inner column_width_use_pixel=\u00bbyes\u00bb position_vertical=\u00bbmiddle\u00bb align_horizontal=\u00bbalign_center\u00bb gutter_size=\u00bb3&#8243; style=\u00bbdark\u00bb overlay_alpha=\u00bb50&#8243; shift_x=\u00bb0&#8243; shift_y=\u00bb0&#8243; shift_y_down=\u00bb0&#8243; z_index=\u00bb0&#8243; medium_width=\u00bb0&#8243; mobile_width=\u00bb0&#8243; width=\u00bb1\/1&#8243; uncode_shortcode_id=\u00bb719569&#8243; column_width_pixel=\u00bb1000&#8243;][vc_custom_heading heading_semantic=\u00bbh1&#8243; text_size=\u00bb\u00bb uncode_shortcode_id=\u00bb168413&#8243;]La completa gama de servicios y soluciones t\u00e9cnicas de Drillco<strong><sup>\u00ae<\/sup><\/strong> est\u00e1 dise\u00f1ada para mejorar la seguridad y maximizar la productividad en toda la industria de la perforaci\u00f3n.[\/vc_custom_heading][\/vc_column_inner][\/vc_row_inner][\/vc_column][\/vc_row][vc_row unlock_row_content=\u00bbyes\u00bb row_height_percent=\u00bb0&#8243; override_padding=\u00bbyes\u00bb h_padding=\u00bb0&#8243; top_padding=\u00bb0&#8243; bottom_padding=\u00bb0&#8243; back_color=\u00bbcolor-xsdn\u00bb overlay_alpha=\u00bb50&#8243; equal_height=\u00bbyes\u00bb gutter_size=\u00bb0&#8243; column_width_percent=\u00bb100&#8243; shift_y=\u00bb0&#8243; z_index=\u00bb0&#8243; uncode_shortcode_id=\u00bb139381&#8243; back_color_type=\u00bbuncode-palette\u00bb][vc_column column_width_use_pixel=\u00bbyes\u00bb gutter_size=\u00bb3&#8243; override_padding=\u00bbyes\u00bb column_padding=\u00bb5&#8243; overlay_alpha=\u00bb50&#8243; shift_x=\u00bb0&#8243; shift_y=\u00bb0&#8243; shift_y_down=\u00bb0&#8243; z_index=\u00bb0&#8243; medium_width=\u00bb0&#8243; mobile_width=\u00bb0&#8243; width=\u00bb1\/2&#8243; column_width_pixel=\u00bb528&#8243; uncode_shortcode_id=\u00bb171191&#8243;][vc_custom_heading text_size=\u00bbfontsize-293852&#8243; uncode_shortcode_id=\u00bb262602&#8243;]Eficacia de perforaci\u00f3n[\/vc_custom_heading][vc_column_text text_lead=\u00bbyes\u00bb uncode_shortcode_id=\u00bb124151&#8243;]La seguridad es una prioridad fundamental en la perforaci\u00f3n, las canteras, la ingenier\u00eda civil, la geotermia y otros sectores relacionados, donde los trabajadores suelen estar expuestos a condiciones peligrosas. En todo el mundo, la industria hace hincapi\u00e9 en reducir la exposici\u00f3n humana mediante la automatizaci\u00f3n, la supervisi\u00f3n en tiempo real y estrictos protocolos de seguridad. La integraci\u00f3n de equipos teledirigidos y sistemas de seguridad avanzados ha reducido significativamente el riesgo de accidentes y ha mejorado la seguridad operativa. Al dar prioridad a las pr\u00e1cticas seguras, las empresas no s\u00f3lo protegen a sus trabajadores, sino que tambi\u00e9n mejoran la eficacia operativa, ya que unos entornos m\u00e1s seguros contribuyen a unas operaciones m\u00e1s fluidas e ininterrumpidas.[\/vc_column_text][\/vc_column][vc_column column_width_percent=\u00bb100&#8243; gutter_size=\u00bb3&#8243; back_image=\u00bb145512&#8243; parallax=\u00bbyes\u00bb overlay_alpha=\u00bb50&#8243; shift_x=\u00bb0&#8243; shift_y=\u00bb0&#8243; shift_y_down=\u00bb0&#8243; z_index=\u00bb0&#8243; medium_width=\u00bb0&#8243; mobile_width=\u00bb0&#8243; width=\u00bb1\/2&#8243; mobile_height=\u00bb340&#8243; uncode_shortcode_id=\u00bb175735&#8243;][\/vc_column][\/vc_row][vc_row unlock_row_content=\u00bbyes\u00bb row_height_percent=\u00bb0&#8243; override_padding=\u00bbyes\u00bb h_padding=\u00bb0&#8243; top_padding=\u00bb0&#8243; bottom_padding=\u00bb0&#8243; back_color=\u00bbcolor-lxmt\u00bb overlay_alpha=\u00bb50&#8243; equal_height=\u00bbyes\u00bb gutter_size=\u00bb0&#8243; column_width_percent=\u00bb100&#8243; shift_y=\u00bb0&#8243; z_index=\u00bb0&#8243; uncode_shortcode_id=\u00bb680555&#8243; back_color_type=\u00bbuncode-palette\u00bb][vc_column column_width_percent=\u00bb100&#8243; gutter_size=\u00bb3&#8243; back_image=\u00bb145515&#8243; overlay_alpha=\u00bb50&#8243; shift_x=\u00bb0&#8243; shift_y=\u00bb0&#8243; shift_y_down=\u00bb0&#8243; z_index=\u00bb0&#8243; medium_width=\u00bb0&#8243; mobile_width=\u00bb0&#8243; width=\u00bb1\/2&#8243; mobile_height=\u00bb340&#8243; uncode_shortcode_id=\u00bb173232&#8243;][\/vc_column][vc_column column_width_use_pixel=\u00bbyes\u00bb gutter_size=\u00bb3&#8243; override_padding=\u00bbyes\u00bb column_padding=\u00bb5&#8243; back_color=\u00bbcolor-xsdn\u00bb overlay_alpha=\u00bb50&#8243; shift_x=\u00bb0&#8243; shift_y=\u00bb0&#8243; shift_y_down=\u00bb0&#8243; z_index=\u00bb0&#8243; medium_width=\u00bb0&#8243; mobile_width=\u00bb0&#8243; width=\u00bb1\/2&#8243; column_width_pixel=\u00bb528&#8243; uncode_shortcode_id=\u00bb163996&#8243; back_color_type=\u00bbuncode-palette\u00bb][vc_custom_heading text_size=\u00bbfontsize-293852&#8243; uncode_shortcode_id=\u00bb157556&#8243;]Safetruck<strong><sup>\u00ae<\/sup><\/strong>[\/vc_custom_heading][vc_column_text text_lead=\u00bbyes\u00bb uncode_shortcode_id=\u00bb124151&#8243;]La seguridad es una prioridad fundamental en la perforaci\u00f3n, las canteras, la ingenier\u00eda civil, la geotermia y otros sectores relacionados, donde los trabajadores suelen estar expuestos a condiciones peligrosas. En todo el mundo, la industria hace hincapi\u00e9 en reducir la exposici\u00f3n humana mediante la automatizaci\u00f3n, la supervisi\u00f3n en tiempo real y estrictos protocolos de seguridad. La integraci\u00f3n de equipos teledirigidos y sistemas de seguridad avanzados ha reducido significativamente el riesgo de accidentes y ha mejorado la seguridad operativa. Al dar prioridad a las pr\u00e1cticas seguras, las empresas no s\u00f3lo protegen a sus trabajadores, sino que tambi\u00e9n mejoran la eficacia operativa, ya que unos entornos m\u00e1s seguros contribuyen a unas operaciones m\u00e1s fluidas e ininterrumpidas.[\/vc_column_text][\/vc_column][\/vc_row][vc_row unlock_row_content=\u00bbyes\u00bb row_height_percent=\u00bb0&#8243; override_padding=\u00bbyes\u00bb h_padding=\u00bb0&#8243; top_padding=\u00bb0&#8243; bottom_padding=\u00bb0&#8243; back_color=\u00bbcolor-xsdn\u00bb overlay_alpha=\u00bb50&#8243; equal_height=\u00bbyes\u00bb gutter_size=\u00bb0&#8243; column_width_percent=\u00bb100&#8243; shift_y=\u00bb0&#8243; z_index=\u00bb0&#8243; uncode_shortcode_id=\u00bb139381&#8243; back_color_type=\u00bbuncode-palette\u00bb][vc_column column_width_use_pixel=\u00bbyes\u00bb gutter_size=\u00bb3&#8243; override_padding=\u00bbyes\u00bb column_padding=\u00bb5&#8243; overlay_alpha=\u00bb50&#8243; shift_x=\u00bb0&#8243; shift_y=\u00bb0&#8243; shift_y_down=\u00bb0&#8243; z_index=\u00bb0&#8243; medium_width=\u00bb0&#8243; mobile_width=\u00bb0&#8243; width=\u00bb1\/2&#8243; column_width_pixel=\u00bb528&#8243; uncode_shortcode_id=\u00bb171191&#8243;][vc_custom_heading text_size=\u00bbfontsize-293852&#8243; uncode_shortcode_id=\u00bb109385&#8243;]Drilltruck<strong><sup>\u00ae<\/sup><\/strong>[\/vc_custom_heading][vc_column_text text_lead=\u00bbyes\u00bb uncode_shortcode_id=\u00bb124151&#8243;]La seguridad es una prioridad fundamental en la perforaci\u00f3n, las canteras, la ingenier\u00eda civil, la geotermia y otros sectores relacionados, donde los trabajadores suelen estar expuestos a condiciones peligrosas. En todo el mundo, la industria hace hincapi\u00e9 en reducir la exposici\u00f3n humana mediante la automatizaci\u00f3n, la supervisi\u00f3n en tiempo real y estrictos protocolos de seguridad. La integraci\u00f3n de equipos teledirigidos y sistemas de seguridad avanzados ha reducido significativamente el riesgo de accidentes y ha mejorado la seguridad operativa. Al dar prioridad a las pr\u00e1cticas seguras, las empresas no s\u00f3lo protegen a sus trabajadores, sino que tambi\u00e9n mejoran la eficacia operativa, ya que unos entornos m\u00e1s seguros contribuyen a unas operaciones m\u00e1s fluidas e ininterrumpidas.[\/vc_column_text][\/vc_column][vc_column column_width_percent=\u00bb100&#8243; gutter_size=\u00bb3&#8243; back_image=\u00bb142460&#8243; overlay_alpha=\u00bb50&#8243; shift_x=\u00bb0&#8243; shift_y=\u00bb0&#8243; shift_y_down=\u00bb0&#8243; z_index=\u00bb0&#8243; medium_width=\u00bb0&#8243; mobile_width=\u00bb0&#8243; width=\u00bb1\/2&#8243; mobile_height=\u00bb340&#8243; uncode_shortcode_id=\u00bb938464&#8243;][\/vc_column][\/vc_row][vc_row unlock_row_content=\u00bbyes\u00bb row_height_percent=\u00bb0&#8243; override_padding=\u00bbyes\u00bb h_padding=\u00bb0&#8243; top_padding=\u00bb0&#8243; bottom_padding=\u00bb0&#8243; back_color=\u00bbcolor-lxmt\u00bb overlay_alpha=\u00bb50&#8243; equal_height=\u00bbyes\u00bb gutter_size=\u00bb0&#8243; column_width_percent=\u00bb100&#8243; shift_y=\u00bb0&#8243; z_index=\u00bb0&#8243; uncode_shortcode_id=\u00bb680555&#8243; back_color_type=\u00bbuncode-palette\u00bb][vc_column column_width_percent=\u00bb100&#8243; gutter_size=\u00bb3&#8243; back_image=\u00bb142420&#8243; back_position=\u00bbcenter bottom\u00bb parallax=\u00bbyes\u00bb overlay_alpha=\u00bb50&#8243; shift_x=\u00bb0&#8243; shift_y=\u00bb0&#8243; shift_y_down=\u00bb0&#8243; z_index=\u00bb0&#8243; medium_width=\u00bb0&#8243; mobile_width=\u00bb0&#8243; width=\u00bb1\/2&#8243; mobile_height=\u00bb340&#8243; uncode_shortcode_id=\u00bb164185&#8243;][\/vc_column][vc_column column_width_use_pixel=\u00bbyes\u00bb gutter_size=\u00bb3&#8243; override_padding=\u00bbyes\u00bb column_padding=\u00bb5&#8243; back_color=\u00bbcolor-xsdn\u00bb overlay_alpha=\u00bb50&#8243; shift_x=\u00bb0&#8243; shift_y=\u00bb0&#8243; shift_y_down=\u00bb0&#8243; z_index=\u00bb0&#8243; medium_width=\u00bb0&#8243; mobile_width=\u00bb0&#8243; width=\u00bb1\/2&#8243; column_width_pixel=\u00bb528&#8243; uncode_shortcode_id=\u00bb163996&#8243; back_color_type=\u00bbuncode-palette\u00bb][vc_custom_heading text_size=\u00bbfontsize-293852&#8243; uncode_shortcode_id=\u00bb192040&#8243;]Drillphone<strong><sup>\u00ae<\/sup><\/strong>[\/vc_custom_heading][vc_column_text text_lead=\u00bbyes\u00bb uncode_shortcode_id=\u00bb124151&#8243;]La seguridad es una prioridad fundamental en la perforaci\u00f3n, las canteras, la ingenier\u00eda civil, la geotermia y otros sectores relacionados, donde los trabajadores suelen estar expuestos a condiciones peligrosas. En todo el mundo, la industria hace hincapi\u00e9 en reducir la exposici\u00f3n humana mediante la automatizaci\u00f3n, la supervisi\u00f3n en tiempo real y estrictos protocolos de seguridad. La integraci\u00f3n de equipos teledirigidos y sistemas de seguridad avanzados ha reducido significativamente el riesgo de accidentes y ha mejorado la seguridad operativa. Al dar prioridad a las pr\u00e1cticas seguras, las empresas no s\u00f3lo protegen a sus trabajadores, sino que tambi\u00e9n mejoran la eficacia operativa, ya que unos entornos m\u00e1s seguros contribuyen a unas operaciones m\u00e1s fluidas e ininterrumpidas.[\/vc_column_text][\/vc_column][\/vc_row][vc_row unlock_row_content=\u00bbyes\u00bb row_height_percent=\u00bb62&#8243; override_padding=\u00bbyes\u00bb h_padding=\u00bb3&#8243; top_padding=\u00bb0&#8243; bottom_padding=\u00bb2&#8243; back_color=\u00bbcolor-prif\u00bb back_image=\u00bb145340&#8243; parallax=\u00bbyes\u00bb overlay_alpha=\u00bb50&#8243; gutter_size=\u00bb3&#8243; column_width_percent=\u00bb100&#8243; shift_y=\u00bb0&#8243; z_index=\u00bb0&#8243; uncode_shortcode_id=\u00bb108275&#8243; back_color_type=\u00bbuncode-palette\u00bb row_name=\u00bbtop\u00bb row_height_pixel=\u00bb300&#8243;][vc_column column_width_percent=\u00bb100&#8243; align_horizontal=\u00bbalign_center\u00bb gutter_size=\u00bb4&#8243; style=\u00bbdark\u00bb overlay_alpha=\u00bb50&#8243; shift_x=\u00bb0&#8243; shift_y=\u00bb0&#8243; shift_y_down=\u00bb0&#8243; z_index=\u00bb0&#8243; medium_width=\u00bb0&#8243; mobile_width=\u00bb0&#8243; css_animation=\u00bbalpha-anim\u00bb animation_speed=\u00bb1000&#8243; width=\u00bb1\/1&#8243; uncode_shortcode_id=\u00bb947159&#8243;][\/vc_column][\/vc_row]<\/p>\n<\/div>","protected":false},"excerpt":{"rendered":"<p>[vc_row unlock_row_content=\u00bbyes\u00bb row_height_percent=\u00bb67&#8243; override_padding=\u00bbyes\u00bb h_padding=\u00bb4&#8243; top_padding=\u00bb4&#8243; bottom_padding=\u00bb0&#8243; back_image=\u00bb145328&#8243; parallax=\u00bbyes\u00bb overlay_color=\u00bbcolor-433797&#8243; overlay_alpha=\u00bb84&#8243; gutter_size=\u00bb3&#8243; column_width_percent=\u00bb100&#8243; shift_y=\u00bb0&#8243; z_index=\u00bb0&#8243; bottom_divider=\u00bbgradient\u00bb uncode_shortcode_id=\u00bb140007&#8243; el_class=\u00bboverflow-hidden\u00bb overlay_color_type=\u00bbuncode-palette\u00bb][vc_column column_width_percent=\u00bb100&#8243; [&hellip;]<\/p>\n","protected":false},"author":2,"featured_media":0,"parent":0,"menu_order":0,"comment_status":"closed","ping_status":"closed","template":"","meta":{"footnotes":""},"class_list":["post-146348","page","type-page","status-publish","hentry"],"_links":{"self":[{"href":"https:\/\/drillco.com\/es\/wp-json\/wp\/v2\/pages\/146348","targetHints":{"allow":["GET"]}}],"collection":[{"href":"https:\/\/drillco.com\/es\/wp-json\/wp\/v2\/pages"}],"about":[{"href":"https:\/\/drillco.com\/es\/wp-json\/wp\/v2\/types\/page"}],"author":[{"embeddable":true,"href":"https:\/\/drillco.com\/es\/wp-json\/wp\/v2\/users\/2"}],"replies":[{"embeddable":true,"href":"https:\/\/drillco.com\/es\/wp-json\/wp\/v2\/comments?post=146348"}],"version-history":[{"count":0,"href":"https:\/\/drillco.com\/es\/wp-json\/wp\/v2\/pages\/146348\/revisions"}],"wp:attachment":[{"href":"https:\/\/drillco.com\/es\/wp-json\/wp\/v2\/media?parent=146348"}],"curies":[{"name":"wp","href":"https:\/\/api.w.org\/{rel}","templated":true}]}}