{"id":146367,"date":"2024-09-12T16:45:25","date_gmt":"2024-09-12T16:45:25","guid":{"rendered":"https:\/\/drillco.com\/martillo-superior-puma\/"},"modified":"2024-12-20T15:42:58","modified_gmt":"2024-12-20T15:42:58","slug":"puma-top-hammer","status":"publish","type":"page","link":"https:\/\/drillco.com\/es\/puma-top-hammer\/","title":{"rendered":"PUMA Top Hammer"},"content":{"rendered":"<div class=\"wpb-content-wrapper\"><p>[vc_row row_height_percent=\u00bb50&#8243; override_padding=\u00bbyes\u00bb h_padding=\u00bb2&#8243; top_padding=\u00bb2&#8243; bottom_padding=\u00bb3&#8243; back_color=\u00bbcolor-lxmt\u00bb back_image=\u00bb143208&#8243; parallax=\u00bbyes\u00bb overlay_color=\u00bbcolor-375378&#8243; overlay_alpha=\u00bb90&#8243; gutter_size=\u00bb3&#8243; column_width_percent=\u00bb100&#8243; shift_y=\u00bb0&#8243; z_index=\u00bb0&#8243; enable_bottom_divider=\u00bbdefault\u00bb shape_bottom_h_use_pixel=\u00bbtrue\u00bb shape_bottom_height_percent=\u00bb60&#8243; shape_bottom_color=\u00bbcolor-lxmt\u00bb shape_bottom_opacity=\u00bb100&#8243; shape_bottom_ratio=\u00bbyes\u00bb shape_bottom_index=\u00bb0&#8243; row_name=\u00bbSample 5&#8243; uncode_shortcode_id=\u00bb296122&#8243; overlay_color_type=\u00bbuncode-palette\u00bb back_color_type=\u00bbuncode-palette\u00bb shape_bottom_color_type=\u00bbuncode-palette\u00bb][vc_column column_width_percent=\u00bb100&#8243; position_vertical=\u00bbmiddle\u00bb align_horizontal=\u00bbalign_center\u00bb gutter_size=\u00bb2&#8243; style=\u00bbdark\u00bb overlay_alpha=\u00bb50&#8243; shift_x=\u00bb0&#8243; shift_y=\u00bb0&#8243; shift_y_down=\u00bb0&#8243; z_index=\u00bb0&#8243; medium_width=\u00bb0&#8243; mobile_width=\u00bb0&#8243; width=\u00bb1\/1&#8243; uncode_shortcode_id=\u00bb606228&#8243;][vc_single_image media=\u00bb145526&#8243; media_width_use_pixel=\u00bbyes\u00bb alignment=\u00bbcenter\u00bb uncode_shortcode_id=\u00bb742369&#8243; media_width_pixel=\u00bb700&#8243;][vc_row_inner row_inner_height_percent=\u00bb0&#8243; overlay_alpha=\u00bb50&#8243; gutter_size=\u00bb3&#8243; shift_y=\u00bb0&#8243; z_index=\u00bb0&#8243; limit_content=\u00bb\u00bb][vc_column_inner column_width_use_pixel=\u00bbyes\u00bb align_horizontal=\u00bbalign_center\u00bb gutter_size=\u00bb2&#8243; overlay_alpha=\u00bb50&#8243; shift_x=\u00bb0&#8243; shift_y=\u00bb0&#8243; shift_y_down=\u00bb0&#8243; z_index=\u00bb0&#8243; medium_width=\u00bb0&#8243; mobile_width=\u00bb0&#8243; width=\u00bb1\/1&#8243; column_width_pixel=\u00bb750&#8243; uncode_shortcode_id=\u00bb191657&#8243;][vc_custom_heading text_color=\u00bbcolor-prif\u00bb heading_semantic=\u00bbh3&#8243; text_size=\u00bbfontsize-293852&#8243; text_weight=\u00bb400&#8243; uncode_shortcode_id=\u00bb933280&#8243; text_color_type=\u00bbuncode-palette\u00bb]<strong>PUMA<sup>\u00ae <\/sup>TOP HAMMER\u00a0<\/strong>[\/vc_custom_heading][\/vc_column_inner][\/vc_row_inner][\/vc_column][\/vc_row][vc_row row_height_percent=\u00bb0&#8243; override_padding=\u00bbyes\u00bb h_padding=\u00bb2&#8243; top_padding=\u00bb3&#8243; bottom_padding=\u00bb0&#8243; back_color=\u00bbcolor-xsdn\u00bb overlay_alpha=\u00bb50&#8243; gutter_size=\u00bb3&#8243; column_width_percent=\u00bb100&#8243; shift_y=\u00bb0&#8243; z_index=\u00bb0&#8243; uncode_shortcode_id=\u00bb156839&#8243; back_color_type=\u00bbuncode-palette\u00bb][vc_column width=\u00bb1\/1&#8243;][vc_row_inner row_inner_height_percent=\u00bb0&#8243; overlay_alpha=\u00bb50&#8243; gutter_size=\u00bb3&#8243; shift_y=\u00bb0&#8243; z_index=\u00bb0&#8243; uncode_shortcode_id=\u00bb365778&#8243; limit_content=\u00bb\u00bb][vc_column_inner column_width_use_pixel=\u00bbyes\u00bb align_horizontal=\u00bbalign_center\u00bb gutter_size=\u00bb2&#8243; overlay_alpha=\u00bb50&#8243; shift_x=\u00bb0&#8243; shift_y=\u00bb0&#8243; shift_y_down=\u00bb0&#8243; z_index=\u00bb0&#8243; medium_width=\u00bb0&#8243; mobile_width=\u00bb0&#8243; width=\u00bb1\/1&#8243; column_width_pixel=\u00bb750&#8243; uncode_shortcode_id=\u00bb191657&#8243;][vc_custom_heading heading_semantic=\u00bbh5&#8243; text_size=\u00bbh3&#8243; text_weight=\u00bb600&#8243; uncode_shortcode_id=\u00bb154117&#8243;]Tipos de Inserci\u00f3n[\/vc_custom_heading][\/vc_column_inner][\/vc_row_inner][\/vc_column][\/vc_row][vc_row row_height_percent=\u00bb0&#8243; override_padding=\u00bbyes\u00bb h_padding=\u00bb2&#8243; top_padding=\u00bb2&#8243; bottom_padding=\u00bb3&#8243; back_color=\u00bbcolor-xsdn\u00bb overlay_alpha=\u00bb50&#8243; equal_height=\u00bbyes\u00bb gutter_size=\u00bb4&#8243; column_width_percent=\u00bb100&#8243; shift_y=\u00bb0&#8243; z_index=\u00bb0&#8243; el_class=\u00bbinverted-device-order\u00bb uncode_shortcode_id=\u00bb748231&#8243; back_color_type=\u00bbuncode-palette\u00bb][vc_column column_width_use_pixel=\u00bbyes\u00bb position_vertical=\u00bbmiddle\u00bb align_horizontal=\u00bbalign_center\u00bb gutter_size=\u00bb2&#8243; overlay_alpha=\u00bb50&#8243; shift_x=\u00bb0&#8243; shift_y=\u00bb0&#8243; shift_y_down=\u00bb0&#8243; z_index=\u00bb0&#8243; medium_width=\u00bb0&#8243; mobile_width=\u00bb0&#8243; width=\u00bb1\/2&#8243; uncode_shortcode_id=\u00bb183085&#8243; column_width_pixel=\u00bb528&#8243;][vc_single_image media=\u00bb145392&#8243; media_width_percent=\u00bb56&#8243; alignment=\u00bbcenter\u00bb uncode_shortcode_id=\u00bb138037&#8243;][vc_empty_space empty_h=\u00bb1&#8243;][vc_custom_heading text_color=\u00bbcolor-xsdn\u00bb heading_semantic=\u00bbh6&#8243; text_size=\u00bbfontsize-160000&#8243; text_transform=\u00bbuppercase\u00bb text_height=\u00bbfontheight-357766&#8243; text_space=\u00bbfontspace-210350&#8243; badge_style=\u00bbyes\u00bb back_color=\u00bbaccent\u00bb uncode_shortcode_id=\u00bb160424&#8243; text_color_type=\u00bbuncode-palette\u00bb back_color_type=\u00bbuncode-palette\u00bb]Inserto de Tungsteno forma c\u00fapula[\/vc_custom_heading][vc_empty_space empty_h=\u00bb2&#8243;][vc_custom_heading heading_semantic=\u00bbh3&#8243; text_size=\u00bbh5&#8243; text_weight=\u00bb300&#8243; text_height=\u00bbfontheight-357766&#8243; uncode_shortcode_id=\u00bb162762&#8243;]Dise\u00f1adas para proporcionar una durabilidad excepcional y una penetraci\u00f3n consistente en formaciones de roca dura. Su forma redondeada optimiza la distribuci\u00f3n del impacto, reduciendo el desgaste y alargando la vida \u00fatil de la herramienta. Ideales para aplicaciones en terrenos abrasivos, estas plaquitas garantizan una perforaci\u00f3n eficaz y precisa.[\/vc_custom_heading][\/vc_column][vc_column column_width_percent=\u00bb100&#8243; align_horizontal=\u00bbalign_center\u00bb gutter_size=\u00bb2&#8243; overlay_alpha=\u00bb50&#8243; shift_x=\u00bb0&#8243; shift_y=\u00bb0&#8243; shift_y_down=\u00bb0&#8243; z_index=\u00bb0&#8243; medium_width=\u00bb0&#8243; mobile_width=\u00bb0&#8243; width=\u00bb1\/2&#8243; uncode_shortcode_id=\u00bb233942&#8243;][vc_single_image media=\u00bb145391&#8243; media_width_percent=\u00bb56&#8243; alignment=\u00bbcenter\u00bb uncode_shortcode_id=\u00bb718816&#8243;][vc_empty_space empty_h=\u00bb1&#8243;][vc_custom_heading text_color=\u00bbcolor-xsdn\u00bb heading_semantic=\u00bbh6&#8243; text_size=\u00bbfontsize-160000&#8243; text_transform=\u00bbuppercase\u00bb text_height=\u00bbfontheight-357766&#8243; text_space=\u00bbfontspace-210350&#8243; badge_style=\u00bbyes\u00bb back_color=\u00bbaccent\u00bb uncode_shortcode_id=\u00bb214278&#8243; text_color_type=\u00bbuncode-palette\u00bb back_color_type=\u00bbuncode-palette\u00bb]Inserto de Tungsteno forma bal\u00edstico[\/vc_custom_heading][vc_empty_space empty_h=\u00bb2&#8243;][vc_custom_heading heading_semantic=\u00bbh3&#8243; text_size=\u00bbh5&#8243; text_weight=\u00bb300&#8243; text_height=\u00bbfontheight-357766&#8243; uncode_shortcode_id=\u00bb113296&#8243;]Destacan por su capacidad para maximizar la velocidad de perforaci\u00f3n en formaciones rocosas de blandas a medias. Su dise\u00f1o puntiagudo permite una penetraci\u00f3n r\u00e1pida y eficaz, reduciendo el tiempo de perforaci\u00f3n y aumentando la productividad. Perfectas para operaciones que requieren altas velocidades de penetraci\u00f3n, estas plaquitas combinan resistencia y rendimiento superior.[\/vc_custom_heading][\/vc_column][\/vc_row][vc_row unlock_row_content=\u00bbyes\u00bb row_height_percent=\u00bb0&#8243; override_padding=\u00bbyes\u00bb h_padding=\u00bb0&#8243; top_padding=\u00bb0&#8243; bottom_padding=\u00bb0&#8243; back_color=\u00bbcolor-lxmt\u00bb overlay_alpha=\u00bb50&#8243; equal_height=\u00bbyes\u00bb gutter_size=\u00bb0&#8243; column_width_percent=\u00bb100&#8243; shift_y=\u00bb0&#8243; z_index=\u00bb0&#8243; el_class=\u00bbinverted-device-order\u00bb uncode_shortcode_id=\u00bb195819&#8243; back_color_type=\u00bbuncode-palette\u00bb][vc_column column_width_use_pixel=\u00bbyes\u00bb gutter_size=\u00bb3&#8243; override_padding=\u00bbyes\u00bb column_padding=\u00bb5&#8243; overlay_alpha=\u00bb50&#8243; shift_x=\u00bb0&#8243; shift_y=\u00bb0&#8243; shift_y_down=\u00bb0&#8243; z_index=\u00bb0&#8243; medium_width=\u00bb0&#8243; mobile_width=\u00bb0&#8243; width=\u00bb1\/2&#8243; column_width_pixel=\u00bb528&#8243;][vc_empty_space empty_h=\u00bb1&#8243;][vc_custom_heading text_color=\u00bbcolor-xsdn\u00bb heading_semantic=\u00bbh6&#8243; text_size=\u00bbcustom\u00bb text_transform=\u00bbuppercase\u00bb text_height=\u00bbfontheight-357766&#8243; text_space=\u00bbfontspace-210350&#8243; badge_style=\u00bbyes\u00bb back_color=\u00bbaccent\u00bb uncode_shortcode_id=\u00bb399530&#8243; text_color_type=\u00bbuncode-palette\u00bb back_color_type=\u00bbuncode-palette\u00bb heading_custom_size=\u00bb15&#8243;]ADAPTADORES DE V\u00e1stagos[\/vc_custom_heading][vc_custom_heading text_size=\u00bbfontsize-157302&#8243; uncode_shortcode_id=\u00bb403128&#8243;]Los adaptadores de v\u00e1stago distribuidos Drillco<sup>\u00ae <\/sup><span class=\"Y2IQFc\" lang=\"en\">dise\u00f1ados y fabricados bajo nuestros est\u00e1ndares de calidad, que <\/span>destacan por su calidad excepcional y su rendimiento superior en aplicaciones exigentes.[\/vc_custom_heading][vc_column_text text_lead=\u00bbyes\u00bb uncode_shortcode_id=\u00bb580352&#8243;]<span style=\"font-weight: 400;\">Fabricados con materiales de alta resistencia y sometidos a rigurosos controles de calidad, estos adaptadores garantizan una conexi\u00f3n robusta y estable entre la herramienta y la m\u00e1quina, optimizando la eficacia del trabajo y prolongando la vida \u00fatil del equipo. La avanzada ingenier\u00eda Drillco<sup>\u00ae<\/sup><strong><sup>\u00a0<\/sup><\/strong>garantiza adaptadores que no s\u00f3lo cumplen las normas m\u00e1s estrictas del sector, sino que tambi\u00e9n ofrecen fiabilidad y durabilidad en los entornos m\u00e1s exigentes, lo que los convierte en la opci\u00f3n preferida de los profesionales de todo el mundo.<\/span>[\/vc_column_text][vc_empty_space empty_h=\u00bb1&#8243;][\/vc_column][vc_column column_width_percent=\u00bb100&#8243; gutter_size=\u00bb3&#8243; back_image=\u00bb146170&#8243; overlay_alpha=\u00bb50&#8243; shift_x=\u00bb0&#8243; shift_y=\u00bb0&#8243; shift_y_down=\u00bb0&#8243; z_index=\u00bb0&#8243; medium_width=\u00bb0&#8243; mobile_width=\u00bb0&#8243; width=\u00bb1\/2&#8243; mobile_height=\u00bb340&#8243; uncode_shortcode_id=\u00bb154146&#8243;][\/vc_column][\/vc_row][vc_row unlock_row_content=\u00bbyes\u00bb row_height_percent=\u00bb0&#8243; override_padding=\u00bbyes\u00bb h_padding=\u00bb0&#8243; top_padding=\u00bb0&#8243; bottom_padding=\u00bb0&#8243; back_color=\u00bbcolor-lxmt\u00bb overlay_alpha=\u00bb50&#8243; equal_height=\u00bbyes\u00bb gutter_size=\u00bb0&#8243; column_width_percent=\u00bb100&#8243; shift_y=\u00bb0&#8243; z_index=\u00bb0&#8243; el_class=\u00bbinverted-device-order\u00bb uncode_shortcode_id=\u00bb195819&#8243; back_color_type=\u00bbuncode-palette\u00bb][vc_column column_width_percent=\u00bb100&#8243; gutter_size=\u00bb3&#8243; back_image=\u00bb146171&#8243; overlay_alpha=\u00bb50&#8243; shift_x=\u00bb0&#8243; shift_y=\u00bb0&#8243; shift_y_down=\u00bb0&#8243; z_index=\u00bb0&#8243; medium_width=\u00bb0&#8243; mobile_width=\u00bb0&#8243; width=\u00bb1\/2&#8243; mobile_height=\u00bb340&#8243; uncode_shortcode_id=\u00bb750721&#8243;][\/vc_column][vc_column column_width_use_pixel=\u00bbyes\u00bb gutter_size=\u00bb3&#8243; override_padding=\u00bbyes\u00bb column_padding=\u00bb5&#8243; overlay_alpha=\u00bb50&#8243; shift_x=\u00bb0&#8243; shift_y=\u00bb0&#8243; shift_y_down=\u00bb0&#8243; z_index=\u00bb0&#8243; medium_width=\u00bb0&#8243; mobile_width=\u00bb0&#8243; width=\u00bb1\/2&#8243; column_width_pixel=\u00bb528&#8243;][vc_empty_space empty_h=\u00bb1&#8243;][vc_custom_heading text_color=\u00bbcolor-xsdn\u00bb heading_semantic=\u00bbh6&#8243; text_size=\u00bbcustom\u00bb text_transform=\u00bbuppercase\u00bb text_height=\u00bbfontheight-357766&#8243; text_space=\u00bbfontspace-210350&#8243; badge_style=\u00bbyes\u00bb back_color=\u00bbaccent\u00bb uncode_shortcode_id=\u00bb198147&#8243; text_color_type=\u00bbuncode-palette\u00bb back_color_type=\u00bbuncode-palette\u00bb heading_custom_size=\u00bb15&#8243;]BITS[\/vc_custom_heading][vc_custom_heading text_size=\u00bbfontsize-157302&#8243; uncode_shortcode_id=\u00bb182411&#8243;]Las brocas Top Hammer Drillco<sup>\u00ae <\/sup>son reconocidas por su durabilidad y eficacia superior en perforaci\u00f3n minera.[\/vc_custom_heading][vc_column_text text_lead=\u00bbyes\u00bb uncode_shortcode_id=\u00bb168915&#8243;]Con un dise\u00f1o de precisi\u00f3n y fabricadas con materiales de alta resistencia, estas brocas est\u00e1n dise\u00f1adas para proporcionar una penetraci\u00f3n \u00f3ptima y un rendimiento constante en diversas formaciones rocosas. La ingenier\u00eda avanzada de Drillco<sup>\u00ae<\/sup> garantiza una vida \u00fatil prolongada de las brocas, minimizando los costes operativos y el tiempo de inactividad. Gracias a su fiabilidad y capacidad para afrontar los retos m\u00e1s exigentes. Se han convertido en la elecci\u00f3n preferida de los profesionales de la miner\u00eda que buscan maximizar la productividad y conseguir resultados excepcionales.[\/vc_column_text][vc_empty_space empty_h=\u00bb1&#8243;][\/vc_column][\/vc_row][vc_row unlock_row_content=\u00bbyes\u00bb row_height_percent=\u00bb0&#8243; override_padding=\u00bbyes\u00bb h_padding=\u00bb0&#8243; top_padding=\u00bb0&#8243; bottom_padding=\u00bb0&#8243; back_color=\u00bbcolor-lxmt\u00bb overlay_alpha=\u00bb50&#8243; equal_height=\u00bbyes\u00bb gutter_size=\u00bb0&#8243; column_width_percent=\u00bb100&#8243; shift_y=\u00bb0&#8243; z_index=\u00bb0&#8243; el_class=\u00bbinverted-device-order\u00bb uncode_shortcode_id=\u00bb195819&#8243; back_color_type=\u00bbuncode-palette\u00bb][vc_column column_width_use_pixel=\u00bbyes\u00bb gutter_size=\u00bb3&#8243; override_padding=\u00bbyes\u00bb column_padding=\u00bb5&#8243; overlay_alpha=\u00bb50&#8243; shift_x=\u00bb0&#8243; shift_y=\u00bb0&#8243; shift_y_down=\u00bb0&#8243; z_index=\u00bb0&#8243; medium_width=\u00bb0&#8243; mobile_width=\u00bb0&#8243; width=\u00bb1\/2&#8243; column_width_pixel=\u00bb528&#8243;][vc_empty_space empty_h=\u00bb1&#8243;][vc_custom_heading text_color=\u00bbcolor-xsdn\u00bb heading_semantic=\u00bbh6&#8243; text_size=\u00bbcustom\u00bb text_transform=\u00bbuppercase\u00bb text_height=\u00bbfontheight-357766&#8243; text_space=\u00bbfontspace-210350&#8243; badge_style=\u00bbyes\u00bb back_color=\u00bbaccent\u00bb uncode_shortcode_id=\u00bb445772&#8243; text_color_type=\u00bbuncode-palette\u00bb back_color_type=\u00bbuncode-palette\u00bb heading_custom_size=\u00bb15&#8243;]VARILLAS[\/vc_custom_heading][vc_custom_heading text_size=\u00bbfontsize-157302&#8243; uncode_shortcode_id=\u00bb134701&#8243;]Sin\u00f3nimo de durabilidad y alto rendimiento en las condiciones m\u00e1s extremas.[\/vc_custom_heading][vc_column_text text_lead=\u00bbyes\u00bb uncode_shortcode_id=\u00bb180913&#8243;]Dise\u00f1adas con precisi\u00f3n y fabricadas con materiales de primera calidad, estas barras est\u00e1n concebidas para soportar las altas exigencias de la perforaci\u00f3n minera subterr\u00e1nea y de superficie. Gracias a su robusta construcci\u00f3n y a su capacidad para mantener la integridad estructural bajo presi\u00f3n, las barras garantizan una perforaci\u00f3n eficaz y precisa, reduciendo el tiempo de inactividad y los costes operativos. Centrada en la innovaci\u00f3n y la excelencia, Drillco<sup>\u00ae<\/sup> ofrece soluciones fiables que maximizan la productividad y la seguridad en cada proyecto minero.[\/vc_column_text][vc_empty_space empty_h=\u00bb1&#8243;][\/vc_column][vc_column column_width_percent=\u00bb100&#8243; gutter_size=\u00bb3&#8243; back_image=\u00bb146172&#8243; overlay_alpha=\u00bb50&#8243; shift_x=\u00bb0&#8243; shift_y=\u00bb0&#8243; shift_y_down=\u00bb0&#8243; z_index=\u00bb0&#8243; medium_width=\u00bb0&#8243; mobile_width=\u00bb0&#8243; width=\u00bb1\/2&#8243; mobile_height=\u00bb340&#8243; uncode_shortcode_id=\u00bb455511&#8243;][\/vc_column][\/vc_row][vc_row unlock_row_content=\u00bbyes\u00bb row_height_percent=\u00bb36&#8243; override_padding=\u00bbyes\u00bb h_padding=\u00bb0&#8243; top_padding=\u00bb0&#8243; bottom_padding=\u00bb0&#8243; overlay_alpha=\u00bb50&#8243; equal_height=\u00bbyes\u00bb gutter_size=\u00bb0&#8243; column_width_percent=\u00bb100&#8243; shift_y=\u00bb0&#8243; z_index=\u00bb0&#8243; uncode_shortcode_id=\u00bb180708&#8243;][vc_column column_width_percent=\u00bb100&#8243; position_vertical=\u00bbmiddle\u00bb gutter_size=\u00bb3&#8243; override_padding=\u00bbyes\u00bb column_padding=\u00bb4&#8243; style=\u00bbdark\u00bb back_color=\u00bbcolor-prif\u00bb back_image=\u00bb146167&#8243; overlay_alpha=\u00bb0&#8243; shift_x=\u00bb0&#8243; shift_y=\u00bb0&#8243; shift_y_down=\u00bb0&#8243; z_index=\u00bb0&#8243; medium_width=\u00bb0&#8243; mobile_visibility=\u00bbyes\u00bb mobile_width=\u00bb0&#8243; width=\u00bb1\/2&#8243; uncode_shortcode_id=\u00bb105700&#8243; back_color_type=\u00bbuncode-palette\u00bb][\/vc_column][vc_column column_width_percent=\u00bb100&#8243; position_vertical=\u00bbmiddle\u00bb align_horizontal=\u00bbalign_center\u00bb gutter_size=\u00bb0&#8243; override_padding=\u00bbyes\u00bb column_padding=\u00bb0&#8243; style=\u00bbdark\u00bb back_image=\u00bb145968&#8243; parallax=\u00bbyes\u00bb overlay_color=\u00bbcolor-xsdn\u00bb overlay_alpha=\u00bb95&#8243; shift_x=\u00bb0&#8243; shift_y=\u00bb0&#8243; shift_y_down=\u00bb0&#8243; z_index=\u00bb0&#8243; medium_width=\u00bb0&#8243; mobile_width=\u00bb0&#8243; width=\u00bb1\/2&#8243; uncode_shortcode_id=\u00bb182531&#8243; overlay_color_type=\u00bbuncode-palette\u00bb][vc_single_image media=\u00bb145349&#8243; media_width_percent=\u00bb100&#8243; media_ratio=\u00bbthree-two\u00bb alignment=\u00bbcenter\u00bb uncode_shortcode_id=\u00bb126687&#8243;][vc_row_inner limit_content=\u00bb\u00bb][vc_column_inner column_width_percent=\u00bb100&#8243; align_horizontal=\u00bbalign_center\u00bb gutter_size=\u00bb3&#8243; override_padding=\u00bbyes\u00bb column_padding=\u00bb5&#8243; overlay_alpha=\u00bb50&#8243; shift_x=\u00bb0&#8243; shift_y=\u00bb0&#8243; shift_y_down=\u00bb0&#8243; z_index=\u00bb0&#8243; medium_width=\u00bb0&#8243; mobile_width=\u00bb0&#8243; width=\u00bb1\/1&#8243; uncode_shortcode_id=\u00bb193002&#8243;][vc_button button_color=\u00bbaccent\u00bb radius=\u00bbbtn-circle\u00bb hover_fx=\u00bboutlined\u00bb text_skin=\u00bbyes\u00bb custom_typo=\u00bbyes\u00bb font_family=\u00bbfont-183662&#8243; font_weight=\u00bb500&#8243; letter_spacing=\u00bbfontspace-210350&#8243; border_width=\u00bb0&#8243; scale_mobile=\u00bbno\u00bb button_color_type=\u00bbuncode-palette\u00bb uncode_shortcode_id=\u00bb207261&#8243; link=\u00bburl:https%3A%2F%2Fdrillco.com%2Fwp-content%2Fuploads%2F2024%2F12%2FDrillco_Catalogue-Top-hammer.pdf|title:Martillos%20perforadores%20PUMA|target:_blank\u00bb]DESCARGAR FOLLETO \u27f6[\/vc_button][\/vc_column_inner][\/vc_row_inner][\/vc_column][\/vc_row]<\/p>\n<\/div>","protected":false},"excerpt":{"rendered":"<p>[vc_row row_height_percent=\u00bb50&#8243; override_padding=\u00bbyes\u00bb h_padding=\u00bb2&#8243; top_padding=\u00bb2&#8243; bottom_padding=\u00bb3&#8243; back_color=\u00bbcolor-lxmt\u00bb back_image=\u00bb143208&#8243; parallax=\u00bbyes\u00bb overlay_color=\u00bbcolor-375378&#8243; overlay_alpha=\u00bb90&#8243; gutter_size=\u00bb3&#8243; column_width_percent=\u00bb100&#8243; shift_y=\u00bb0&#8243; z_index=\u00bb0&#8243; enable_bottom_divider=\u00bbdefault\u00bb shape_bottom_h_use_pixel=\u00bbtrue\u00bb shape_bottom_height_percent=\u00bb60&#8243; shape_bottom_color=\u00bbcolor-lxmt\u00bb shape_bottom_opacity=\u00bb100&#8243; [&hellip;]<\/p>\n","protected":false},"author":2,"featured_media":0,"parent":0,"menu_order":0,"comment_status":"closed","ping_status":"closed","template":"","meta":{"footnotes":""},"class_list":["post-146367","page","type-page","status-publish","hentry"],"_links":{"self":[{"href":"https:\/\/drillco.com\/es\/wp-json\/wp\/v2\/pages\/146367","targetHints":{"allow":["GET"]}}],"collection":[{"href":"https:\/\/drillco.com\/es\/wp-json\/wp\/v2\/pages"}],"about":[{"href":"https:\/\/drillco.com\/es\/wp-json\/wp\/v2\/types\/page"}],"author":[{"embeddable":true,"href":"https:\/\/drillco.com\/es\/wp-json\/wp\/v2\/users\/2"}],"replies":[{"embeddable":true,"href":"https:\/\/drillco.com\/es\/wp-json\/wp\/v2\/comments?post=146367"}],"version-history":[{"count":0,"href":"https:\/\/drillco.com\/es\/wp-json\/wp\/v2\/pages\/146367\/revisions"}],"wp:attachment":[{"href":"https:\/\/drillco.com\/es\/wp-json\/wp\/v2\/media?parent=146367"}],"curies":[{"name":"wp","href":"https:\/\/api.w.org\/{rel}","templated":true}]}}