{"id":146386,"date":"2024-10-24T14:13:25","date_gmt":"2024-10-24T14:13:25","guid":{"rendered":"https:\/\/drillco.com\/explora\/"},"modified":"2024-11-16T22:26:25","modified_gmt":"2024-11-16T22:26:25","slug":"explora","status":"publish","type":"page","link":"https:\/\/drillco.com\/es\/explora\/","title":{"rendered":"Explora"},"content":{"rendered":"<div class=\"wpb-content-wrapper\"><p>[vc_row row_height_percent=\u00bb50&#8243; override_padding=\u00bbyes\u00bb h_padding=\u00bb2&#8243; top_padding=\u00bb2&#8243; bottom_padding=\u00bb2&#8243; back_color=\u00bbcolor-lxmt\u00bb back_image=\u00bb143208&#8243; parallax=\u00bbyes\u00bb overlay_color=\u00bbcolor-580691&#8243; overlay_alpha=\u00bb90&#8243; gutter_size=\u00bb3&#8243; column_width_percent=\u00bb100&#8243; shift_y=\u00bb0&#8243; z_index=\u00bb0&#8243; enable_bottom_divider=\u00bbdefault\u00bb shape_bottom_h_use_pixel=\u00bbtrue\u00bb shape_bottom_height_percent=\u00bb60&#8243; shape_bottom_opacity=\u00bb100&#8243; shape_bottom_ratio=\u00bbyes\u00bb shape_bottom_index=\u00bb0&#8243; row_name=\u00bbSample 5&#8243; uncode_shortcode_id=\u00bb839250&#8243; overlay_color_type=\u00bbuncode-palette\u00bb back_color_type=\u00bbuncode-palette\u00bb][vc_column column_width_percent=\u00bb100&#8243; position_vertical=\u00bbmiddle\u00bb align_horizontal=\u00bbalign_center\u00bb gutter_size=\u00bb2&#8243; style=\u00bbdark\u00bb overlay_alpha=\u00bb50&#8243; shift_x=\u00bb0&#8243; shift_y=\u00bb0&#8243; shift_y_down=\u00bb0&#8243; z_index=\u00bb0&#8243; medium_width=\u00bb0&#8243; mobile_width=\u00bb0&#8243; width=\u00bb1\/1&#8243; uncode_shortcode_id=\u00bb606228&#8243;][vc_single_image media=\u00bb145687&#8243; media_width_use_pixel=\u00bbyes\u00bb alignment=\u00bbcenter\u00bb uncode_shortcode_id=\u00bb162445&#8243; media_width_pixel=\u00bb800&#8243;][\/vc_column][\/vc_row][vc_row row_height_percent=\u00bb0&#8243; override_padding=\u00bbyes\u00bb h_padding=\u00bb2&#8243; top_padding=\u00bb1&#8243; bottom_padding=\u00bb4&#8243; overlay_alpha=\u00bb50&#8243; gutter_size=\u00bb3&#8243; column_width_percent=\u00bb100&#8243; shift_y=\u00bb0&#8243; z_index=\u00bb0&#8243; uncode_shortcode_id=\u00bb290414&#8243;][vc_column width=\u00bb1\/1&#8243;][vc_row_inner row_inner_height_percent=\u00bb0&#8243; overlay_alpha=\u00bb50&#8243; gutter_size=\u00bb3&#8243; shift_y=\u00bb0&#8243; z_index=\u00bb0&#8243; limit_content=\u00bb\u00bb][vc_column_inner column_width_use_pixel=\u00bbyes\u00bb align_horizontal=\u00bbalign_center\u00bb gutter_size=\u00bb2&#8243; overlay_alpha=\u00bb50&#8243; shift_x=\u00bb0&#8243; shift_y=\u00bb0&#8243; shift_y_down=\u00bb0&#8243; z_index=\u00bb0&#8243; medium_width=\u00bb0&#8243; mobile_width=\u00bb0&#8243; width=\u00bb1\/1&#8243; column_width_pixel=\u00bb750&#8243; uncode_shortcode_id=\u00bb191657&#8243;][vc_custom_heading heading_semantic=\u00bbh3&#8243; text_size=\u00bbfontsize-293852&#8243; text_weight=\u00bb400&#8243; uncode_shortcode_id=\u00bb126037&#8243;]Explora\u00ae bu Drillco\u00ae<br \/>\nTu socio en descubrimientos de exploraci\u00f3n[\/vc_custom_heading][vc_column_text text_lead=\u00bbyes\u00bb uncode_shortcode_id=\u00bb214393&#8243;]Reconozc\u00e1moslo: la exploraci\u00f3n de nuevos yacimientos minerales es una vida dura. Tienes que enfrentarte a largos periodos fuera de casa, ubicaciones remotas, conectividad, condiciones meteorol\u00f3gicas, complejas configuraciones de perforaci\u00f3n, por nombrar s\u00f3lo algunas. Y luego est\u00e1 la roca. La fragmentaci\u00f3n, la abrasividad, la presencia de cuarzo, los desniveles, la dureza variable, el agua, entre otros, hacen que la obtenci\u00f3n de una muestra limpia y seca sea un procedimiento complejo. Pero cuando por fin llega ese descubrimiento, todo vale la pena. Econ\u00f3micamente, por supuesto, pero tambi\u00e9n profesional y personalmente.[\/vc_column_text][\/vc_column_inner][\/vc_row_inner][\/vc_column][\/vc_row][vc_row unlock_row_content=\u00bbyes\u00bb row_height_percent=\u00bb50&#8243; override_padding=\u00bbyes\u00bb h_padding=\u00bb0&#8243; top_padding=\u00bb0&#8243; bottom_padding=\u00bb0&#8243; back_color=\u00bbcolor-lxmt\u00bb overlay_alpha=\u00bb50&#8243; equal_height=\u00bbyes\u00bb gutter_size=\u00bb0&#8243; column_width_percent=\u00bb100&#8243; shift_y=\u00bb0&#8243; z_index=\u00bb0&#8243; uncode_shortcode_id=\u00bb175327&#8243; back_color_type=\u00bbuncode-palette\u00bb][vc_column column_width_percent=\u00bb100&#8243; gutter_size=\u00bb3&#8243; back_image=\u00bb145706&#8243; back_position=\u00bbcenter center\u00bb overlay_alpha=\u00bb50&#8243; shift_x=\u00bb0&#8243; shift_y=\u00bb0&#8243; shift_y_down=\u00bb0&#8243; z_index=\u00bb0&#8243; medium_width=\u00bb0&#8243; mobile_width=\u00bb0&#8243; width=\u00bb1\/2&#8243; mobile_height=\u00bb500&#8243; uncode_shortcode_id=\u00bb616363&#8243;][\/vc_column][vc_column column_width_percent=\u00bb100&#8243; gutter_size=\u00bb0&#8243; overlay_alpha=\u00bb50&#8243; shift_x=\u00bb0&#8243; shift_y=\u00bb0&#8243; z_index=\u00bb0&#8243; medium_width=\u00bb0&#8243; mobile_width=\u00bb0&#8243; width=\u00bb1\/2&#8243;][vc_row_inner row_inner_height_percent=\u00bb50&#8243; back_color=\u00bbcolor-lxmt\u00bb overlay_alpha=\u00bb50&#8243; gutter_size=\u00bb3&#8243; shift_y=\u00bb0&#8243; z_index=\u00bb0&#8243; limit_content=\u00bb\u00bb uncode_shortcode_id=\u00bb854652&#8243; back_color_type=\u00bbuncode-palette\u00bb][vc_column_inner column_width_percent=\u00bb100&#8243; gutter_size=\u00bb3&#8243; override_padding=\u00bbyes\u00bb column_padding=\u00bb4&#8243; font_family=\u00bbfont-136269&#8243; overlay_alpha=\u00bb50&#8243; shift_x=\u00bb0&#8243; shift_y=\u00bb0&#8243; shift_y_down=\u00bb0&#8243; z_index=\u00bb0&#8243; medium_width=\u00bb0&#8243; mobile_width=\u00bb0&#8243; width=\u00bb1\/1&#8243; uncode_shortcode_id=\u00bb935723&#8243;][vc_custom_heading text_color=\u00bbcolor-xsdn\u00bb heading_semantic=\u00bbh6&#8243; text_size=\u00bbfontsize-160000&#8243; text_transform=\u00bbuppercase\u00bb text_height=\u00bbfontheight-357766&#8243; text_space=\u00bbfontspace-210350&#8243; badge_style=\u00bbyes\u00bb back_color=\u00bbaccent\u00bb uncode_shortcode_id=\u00bb104036&#8243; text_color_type=\u00bbuncode-palette\u00bb back_color_type=\u00bbuncode-palette\u00bb]Explora<strong><sup>\u00ae<\/sup><\/strong>[\/vc_custom_heading][vc_custom_heading text_color=\u00bbcolor-prif\u00bb text_font=\u00bbfont-183662&#8243; text_size=\u00bbfontsize-293852&#8243; text_weight=\u00bb300&#8243; uncode_shortcode_id=\u00bb726036&#8243; text_color_type=\u00bbuncode-palette\u00bb]Revolucionando la perforaci\u00f3n exploratoria: La Nueva Generaci\u00f3n de Fiabilidad y Eficacia.[\/vc_custom_heading][vc_empty_space empty_h=\u00bb2&#8243;][vc_column_text text_lead=\u00bbyes\u00bb uncode_shortcode_id=\u00bb795622&#8243;]En una ocupaci\u00f3n tan compleja como la perforaci\u00f3n exploratoria, s\u00f3lo los mejores pueden hacer el trabajo. Por eso en Drillco\u00ae<strong><sup>\u00a0<\/sup><\/strong>hemos dedicado los \u00faltimos cuatro a\u00f1os a dise\u00f1ar un martillo de exploraci\u00f3n revolucionario. Una que te devolver\u00e1 siempre una muestra seca muy fiable. Uno que no falle. Eso mantendr\u00e1 la perforaci\u00f3n, incluso bajo la presencia de barro o agua. Uno que requiera un mantenimiento m\u00ednimo.[\/vc_column_text][vc_column_text text_lead=\u00bbyes\u00bb uncode_shortcode_id=\u00bb151708&#8243;]Y lo hemos equipado con una caracter\u00edstica adicional, un sistema de vida \u00fatil ampliada: broca, tubo de muestra y componentes internos de vida \u00fatil aumentada, que proporcionan un rendimiento l\u00edder en el mercado para una mejora significativa de la autonom\u00eda de perforaci\u00f3n. <strong>Porque sabemos lo valioso que es el tiempo real de perforaci\u00f3n, y que cualquier tiempo de inactividad o retraso puede ser catastr\u00f3fico.<\/strong>[\/vc_column_text][\/vc_column_inner][\/vc_row_inner][\/vc_column][\/vc_row][vc_row unlock_row_content=\u00bbyes\u00bb row_height_percent=\u00bb0&#8243; override_padding=\u00bbyes\u00bb h_padding=\u00bb0&#8243; top_padding=\u00bb0&#8243; bottom_padding=\u00bb0&#8243; back_color=\u00bbcolor-580691&#8243; overlay_alpha=\u00bb50&#8243; overlay_animated=\u00bbyes\u00bb overlay_animated_1_color=\u00bbcolor-328143&#8243; equal_height=\u00bbyes\u00bb gutter_size=\u00bb0&#8243; column_width_percent=\u00bb100&#8243; shift_y=\u00bb0&#8243; z_index=\u00bb0&#8243; uncode_shortcode_id=\u00bb836323&#8243; back_color_type=\u00bbuncode-palette\u00bb overlay_animated_1_color_type=\u00bbuncode-palette\u00bb][vc_column column_width_percent=\u00bb100&#8243; position_vertical=\u00bbmiddle\u00bb gutter_size=\u00bb3&#8243; override_padding=\u00bbyes\u00bb column_padding=\u00bb4&#8243; style=\u00bbdark\u00bb font_family=\u00bbfont-183662&#8243; overlay_alpha=\u00bb50&#8243; shift_x=\u00bb0&#8243; shift_y=\u00bb0&#8243; shift_y_down=\u00bb0&#8243; z_index=\u00bb0&#8243; medium_width=\u00bb0&#8243; mobile_width=\u00bb0&#8243; width=\u00bb1\/2&#8243; uncode_shortcode_id=\u00bb496812&#8243;][vc_custom_heading text_color=\u00bbcolor-xsdn\u00bb heading_semantic=\u00bbh6&#8243; text_size=\u00bbfontsize-160000&#8243; text_transform=\u00bbuppercase\u00bb text_height=\u00bbfontheight-357766&#8243; text_space=\u00bbfontspace-210350&#8243; badge_style=\u00bbyes\u00bb back_color=\u00bbaccent\u00bb uncode_shortcode_id=\u00bb187211&#8243; text_color_type=\u00bbuncode-palette\u00bb back_color_type=\u00bbuncode-palette\u00bb]Elevar la eficiencia[\/vc_custom_heading][vc_custom_heading text_color=\u00bbcolor-xsdn\u00bb text_font=\u00bbfont-183662&#8243; text_size=\u00bbfontsize-293852&#8243; text_weight=\u00bb400&#8243; uncode_shortcode_id=\u00bb714826&#8243; text_color_type=\u00bbuncode-palette\u00bb]Qu\u00e9 puedes esperar del Nuevo Explora<sup>\u00ae<\/sup>[\/vc_custom_heading][vc_empty_space empty_h=\u00bb1&#8243;][vc_row_inner][vc_column_inner column_width_percent=\u00bb100&#8243; gutter_size=\u00bb1&#8243; overlay_alpha=\u00bb50&#8243; shift_x=\u00bb0&#8243; shift_y=\u00bb0&#8243; shift_y_down=\u00bb0&#8243; z_index=\u00bb0&#8243; medium_width=\u00bb0&#8243; mobile_width=\u00bb0&#8243; width=\u00bb1\/1&#8243; uncode_shortcode_id=\u00bb156145&#8243;][vc_custom_heading text_color=\u00bbcolor-xsdn\u00bb heading_semantic=\u00bbh5&#8243; text_size=\u00bbh5&#8243; text_weight=\u00bb400&#8243; text_height=\u00bbfontheight-524109&#8243; uncode_shortcode_id=\u00bb173882&#8243; text_color_type=\u00bbuncode-palette\u00bb]<\/p>\n<ol>\n<li>\n<h5><span style=\"font-weight: 400; color: #ffffff;\"> Recuperaci\u00f3n de muestras secas muy fiable, hasta el 98%.<\/span><\/h5>\n<\/li>\n<li>\n<h5><span style=\"font-weight: 400; color: #ffffff;\"> El Martillo que sigue perforando, incluso bajo la presencia de barro o agua.<\/span><\/h5>\n<\/li>\n<li>\n<h5><span style=\"font-weight: 400; color: #ffffff;\"> Mayor vida \u00fatil de la broca para una mayor autonom\u00eda de perforaci\u00f3n.<\/span><\/h5>\n<\/li>\n<li>\n<h5><span style=\"font-weight: 400; color: #ffffff;\"> Recuperaci\u00f3n constante de la muestra, independientemente de las condiciones de perforaci\u00f3n.<\/span><\/h5>\n<\/li>\n<li>\n<h5><span style=\"font-weight: 400; color: #ffffff;\"> Alternativa de coste por metro m\u00e1s conveniente.<\/span><\/h5>\n<\/li>\n<li>\n<h5><span style=\"font-weight: 400; color: #ffffff;\"> El tubo de muestreo presenta una vida \u00fatil prolongada en comparaci\u00f3n con las alternativas existentes, como consecuencia del dise\u00f1o propio del flujo de aire y del flujo de recortes abrasivos, que reduce el desgaste de los componentes internos.<\/span><\/h5>\n<\/li>\n<li>\n<h5><span style=\"font-weight: 400; color: #ffffff;\"> Equilibrio \u00f3ptimo entre velocidad de perforaci\u00f3n, desgaste m\u00ednimo y recuperaci\u00f3n fiable de muestras limpias.<\/span><\/h5>\n<\/li>\n<li>\n<h5><span style=\"color: #ffffff;\"> <span style=\"font-weight: 400;\"> Reducci\u00f3n significativa del coste total del ciclo de perforaci\u00f3n gracias a las mejoras de rendimiento y a la mayor vida \u00fatil de los <\/span><span style=\"font-weight: 400;\">prolongaci\u00f3n de la vida \u00fatil de los componentes, mejorando considerablemente la ROP.<\/span><\/span><\/h5>\n<\/li>\n<\/ol>\n<p>[\/vc_custom_heading][\/vc_column_inner][\/vc_row_inner][\/vc_column][vc_column column_width_percent=\u00bb100&#8243; gutter_size=\u00bb3&#8243; back_image=\u00bb145695&#8243; overlay_alpha=\u00bb50&#8243; shift_x=\u00bb0&#8243; shift_y=\u00bb0&#8243; shift_y_down=\u00bb0&#8243; z_index=\u00bb0&#8243; medium_width=\u00bb0&#8243; mobile_width=\u00bb0&#8243; width=\u00bb1\/2&#8243; uncode_shortcode_id=\u00bb100676&#8243; mobile_height=\u00bb400&#8243;][\/vc_column][\/vc_row][vc_row unlock_row_content=\u00bbyes\u00bb row_height_percent=\u00bb50&#8243; override_padding=\u00bbyes\u00bb h_padding=\u00bb0&#8243; top_padding=\u00bb0&#8243; bottom_padding=\u00bb0&#8243; back_color=\u00bbcolor-xsdn\u00bb overlay_alpha=\u00bb50&#8243; equal_height=\u00bbyes\u00bb gutter_size=\u00bb0&#8243; column_width_percent=\u00bb100&#8243; shift_y=\u00bb0&#8243; z_index=\u00bb0&#8243; uncode_shortcode_id=\u00bb939313&#8243; back_color_type=\u00bbuncode-palette\u00bb][vc_column column_width_percent=\u00bb100&#8243; gutter_size=\u00bb3&#8243; overlay_alpha=\u00bb50&#8243; shift_x=\u00bb0&#8243; shift_y=\u00bb0&#8243; shift_y_down=\u00bb0&#8243; z_index=\u00bb0&#8243; medium_visibility=\u00bbyes\u00bb medium_width=\u00bb0&#8243; mobile_visibility=\u00bbyes\u00bb mobile_width=\u00bb0&#8243; width=\u00bb1\/2&#8243; mobile_height=\u00bb300&#8243; uncode_shortcode_id=\u00bb154723&#8243;][vc_empty_space empty_h=\u00bb2&#8243;][vc_single_image media=\u00bb145713&#8243; media_width_percent=\u00bb71&#8243; alignment=\u00bbcenter\u00bb uncode_shortcode_id=\u00bb747672&#8243;][\/vc_column][vc_column column_width_percent=\u00bb100&#8243; gutter_size=\u00bb0&#8243; back_color=\u00bbcolor-lxmt\u00bb overlay_alpha=\u00bb50&#8243; shift_x=\u00bb0&#8243; shift_y=\u00bb0&#8243; shift_y_down=\u00bb0&#8243; z_index=\u00bb0&#8243; medium_width=\u00bb0&#8243; mobile_width=\u00bb0&#8243; width=\u00bb1\/2&#8243; uncode_shortcode_id=\u00bb266195&#8243; back_color_type=\u00bbuncode-palette\u00bb][vc_row_inner row_inner_height_percent=\u00bb50&#8243; back_color=\u00bbcolor-lxmt\u00bb overlay_alpha=\u00bb50&#8243; gutter_size=\u00bb3&#8243; shift_y=\u00bb0&#8243; z_index=\u00bb0&#8243; limit_content=\u00bb\u00bb uncode_shortcode_id=\u00bb854652&#8243; back_color_type=\u00bbuncode-palette\u00bb][vc_column_inner column_width_percent=\u00bb100&#8243; gutter_size=\u00bb3&#8243; override_padding=\u00bbyes\u00bb column_padding=\u00bb4&#8243; font_family=\u00bbfont-136269&#8243; overlay_alpha=\u00bb50&#8243; shift_x=\u00bb0&#8243; shift_y=\u00bb0&#8243; shift_y_down=\u00bb0&#8243; z_index=\u00bb0&#8243; medium_width=\u00bb0&#8243; mobile_width=\u00bb0&#8243; width=\u00bb1\/1&#8243; uncode_shortcode_id=\u00bb935723&#8243;][vc_custom_heading text_color=\u00bbcolor-xsdn\u00bb heading_semantic=\u00bbh6&#8243; text_size=\u00bbfontsize-160000&#8243; text_transform=\u00bbuppercase\u00bb text_height=\u00bbfontheight-357766&#8243; text_space=\u00bbfontspace-210350&#8243; badge_style=\u00bbyes\u00bb back_color=\u00bbaccent\u00bb uncode_shortcode_id=\u00bb517818&#8243; text_color_type=\u00bbuncode-palette\u00bb back_color_type=\u00bbuncode-palette\u00bb]innovaciones de valor global[\/vc_custom_heading][vc_custom_heading text_color=\u00bbcolor-prif\u00bb text_font=\u00bbfont-183662&#8243; text_size=\u00bbfontsize-293852&#8243; text_weight=\u00bb300&#8243; uncode_shortcode_id=\u00bb764575&#8243; text_color_type=\u00bbuncode-palette\u00bb]Premio a la Innovaci\u00f3n 2022 de la revista Mining, categor\u00eda Exploraci\u00f3n Minera.[\/vc_custom_heading][vc_empty_space empty_h=\u00bb2&#8243;][vc_column_text text_lead=\u00bbyes\u00bb uncode_shortcode_id=\u00bb140797&#8243;]Pero oye, no te f\u00edes de nosotros. Somos los ingenieros que dise\u00f1aron y fabricaron el Explora<sup>\u00ae<\/sup> despu\u00e9s de todo. <strong>Basta con escuchar a los muchos perforistas que conf\u00edan el trabajo a sus Puma.<\/strong>[\/vc_column_text][vc_column_text text_lead=\u00bbyes\u00bb uncode_shortcode_id=\u00bb156033&#8243;]<span style=\"font-weight: 400;\">Este reconocimiento destaca las principales innovaciones mundiales lanzadas durante el a\u00f1o en las categor\u00edas de Flota y Equipos, Operaciones y Seguridad, Producci\u00f3n y Mantenimiento, Reducci\u00f3n de Emisiones, Relaciones Ind\u00edgenas, ESG, Seguridad, Procesamiento de Minerales, Software, Perforaci\u00f3n y Voladura, Carga y Transporte, Manipulaci\u00f3n de Graneles, Servicios Mineros y Exploraci\u00f3n. En su \u00faltima edici\u00f3n, entre los ganadores figuran Siemens, Liebherr, Thiess, Hexagon y Metso Outotec, lo que sit\u00faa a Drillco entre las empresas que est\u00e1n desarrollando innovaciones de alto valor para la industria minera mundial.<\/span>[\/vc_column_text][\/vc_column_inner][\/vc_row_inner][\/vc_column][\/vc_row][vc_row unlock_row_content=\u00bbyes\u00bb row_height_percent=\u00bb36&#8243; override_padding=\u00bbyes\u00bb h_padding=\u00bb0&#8243; top_padding=\u00bb0&#8243; bottom_padding=\u00bb0&#8243; overlay_alpha=\u00bb50&#8243; equal_height=\u00bbyes\u00bb gutter_size=\u00bb0&#8243; column_width_percent=\u00bb100&#8243; shift_y=\u00bb0&#8243; z_index=\u00bb0&#8243; uncode_shortcode_id=\u00bb180708&#8243;][vc_column column_width_percent=\u00bb100&#8243; position_vertical=\u00bbmiddle\u00bb gutter_size=\u00bb3&#8243; override_padding=\u00bbyes\u00bb column_padding=\u00bb4&#8243; style=\u00bbdark\u00bb back_color=\u00bbcolor-prif\u00bb back_image=\u00bb145722&#8243; overlay_alpha=\u00bb0&#8243; shift_x=\u00bb0&#8243; shift_y=\u00bb0&#8243; shift_y_down=\u00bb0&#8243; z_index=\u00bb0&#8243; medium_width=\u00bb0&#8243; mobile_width=\u00bb0&#8243; width=\u00bb1\/2&#8243; uncode_shortcode_id=\u00bb162346&#8243; back_color_type=\u00bbuncode-palette\u00bb mobile_height=\u00bb500&#8243;][\/vc_column][vc_column column_width_percent=\u00bb100&#8243; position_vertical=\u00bbmiddle\u00bb align_horizontal=\u00bbalign_center\u00bb gutter_size=\u00bb0&#8243; override_padding=\u00bbyes\u00bb column_padding=\u00bb0&#8243; style=\u00bbdark\u00bb back_image=\u00bb145475&#8243; parallax=\u00bbyes\u00bb overlay_color=\u00bbcolor-xsdn\u00bb overlay_alpha=\u00bb95&#8243; shift_x=\u00bb0&#8243; shift_y=\u00bb0&#8243; shift_y_down=\u00bb0&#8243; z_index=\u00bb0&#8243; medium_width=\u00bb0&#8243; mobile_width=\u00bb0&#8243; width=\u00bb1\/2&#8243; uncode_shortcode_id=\u00bb654349&#8243; overlay_color_type=\u00bbuncode-palette\u00bb][vc_row_inner row_inner_height_percent=\u00bb0&#8243; back_color=\u00bbcolor-328143&#8243; overlay_alpha=\u00bb50&#8243; gutter_size=\u00bb3&#8243; shift_y=\u00bb0&#8243; z_index=\u00bb0&#8243; uncode_shortcode_id=\u00bb173349&#8243; back_color_type=\u00bbuncode-palette\u00bb][vc_column_inner column_width_percent=\u00bb100&#8243; position_vertical=\u00bbmiddle\u00bb align_horizontal=\u00bbalign_center\u00bb gutter_size=\u00bb3&#8243; override_padding=\u00bbyes\u00bb column_padding=\u00bb4&#8243; overlay_alpha=\u00bb50&#8243; shift_x=\u00bb0&#8243; shift_y=\u00bb0&#8243; shift_y_down=\u00bb0&#8243; z_index=\u00bb0&#8243; medium_width=\u00bb0&#8243; mobile_width=\u00bb0&#8243; width=\u00bb1\/1&#8243; uncode_shortcode_id=\u00bb190418&#8243;][vc_custom_heading text_color=\u00bbcolor-xsdn\u00bb uncode_shortcode_id=\u00bb119549&#8243; text_color_type=\u00bbuncode-palette\u00bb]<span style=\"font-weight: 400;\">Mining Magazine es una de las publicaciones l\u00edderes en todo el mundo y una referencia en la industria minera, con m\u00e1s de 100 a\u00f1os de presencia en el sector. Fue fundada en 1909 por el Presidente de Estados Unidos, Herbert Hoover, y ofrece una profunda visi\u00f3n t\u00e9cnica de todos los aspectos operativos de la miner\u00eda.<\/span>[\/vc_custom_heading][\/vc_column_inner][\/vc_row_inner][vc_row_inner limit_content=\u00bb\u00bb][vc_column_inner column_width_percent=\u00bb100&#8243; align_horizontal=\u00bbalign_center\u00bb gutter_size=\u00bb3&#8243; override_padding=\u00bbyes\u00bb column_padding=\u00bb5&#8243; overlay_alpha=\u00bb50&#8243; shift_x=\u00bb0&#8243; shift_y=\u00bb0&#8243; shift_y_down=\u00bb0&#8243; z_index=\u00bb0&#8243; medium_width=\u00bb0&#8243; mobile_width=\u00bb0&#8243; width=\u00bb1\/1&#8243; uncode_shortcode_id=\u00bb193002&#8243;][\/vc_column_inner][\/vc_row_inner][\/vc_column][\/vc_row]<\/p>\n<\/div>","protected":false},"excerpt":{"rendered":"<p>[vc_row row_height_percent=\u00bb50&#8243; override_padding=\u00bbyes\u00bb h_padding=\u00bb2&#8243; top_padding=\u00bb2&#8243; bottom_padding=\u00bb2&#8243; back_color=\u00bbcolor-lxmt\u00bb back_image=\u00bb143208&#8243; parallax=\u00bbyes\u00bb overlay_color=\u00bbcolor-580691&#8243; overlay_alpha=\u00bb90&#8243; gutter_size=\u00bb3&#8243; column_width_percent=\u00bb100&#8243; shift_y=\u00bb0&#8243; z_index=\u00bb0&#8243; enable_bottom_divider=\u00bbdefault\u00bb shape_bottom_h_use_pixel=\u00bbtrue\u00bb shape_bottom_height_percent=\u00bb60&#8243; shape_bottom_opacity=\u00bb100&#8243; shape_bottom_ratio=\u00bbyes\u00bb [&hellip;]<\/p>\n","protected":false},"author":2,"featured_media":0,"parent":0,"menu_order":0,"comment_status":"closed","ping_status":"closed","template":"","meta":{"footnotes":""},"class_list":["post-146386","page","type-page","status-publish","hentry"],"_links":{"self":[{"href":"https:\/\/drillco.com\/es\/wp-json\/wp\/v2\/pages\/146386","targetHints":{"allow":["GET"]}}],"collection":[{"href":"https:\/\/drillco.com\/es\/wp-json\/wp\/v2\/pages"}],"about":[{"href":"https:\/\/drillco.com\/es\/wp-json\/wp\/v2\/types\/page"}],"author":[{"embeddable":true,"href":"https:\/\/drillco.com\/es\/wp-json\/wp\/v2\/users\/2"}],"replies":[{"embeddable":true,"href":"https:\/\/drillco.com\/es\/wp-json\/wp\/v2\/comments?post=146386"}],"version-history":[{"count":0,"href":"https:\/\/drillco.com\/es\/wp-json\/wp\/v2\/pages\/146386\/revisions"}],"wp:attachment":[{"href":"https:\/\/drillco.com\/es\/wp-json\/wp\/v2\/media?parent=146386"}],"curies":[{"name":"wp","href":"https:\/\/api.w.org\/{rel}","templated":true}]}}