{"id":146390,"date":"2024-10-24T16:38:35","date_gmt":"2024-10-24T16:38:35","guid":{"rendered":"https:\/\/drillco.com\/pumex\/"},"modified":"2024-12-20T15:43:42","modified_gmt":"2024-12-20T15:43:42","slug":"pumex","status":"publish","type":"page","link":"https:\/\/drillco.com\/es\/pumex\/","title":{"rendered":"PUMEX"},"content":{"rendered":"<div class=\"wpb-content-wrapper\"><p>[vc_row row_height_percent=\u00bb50&#8243; override_padding=\u00bbyes\u00bb h_padding=\u00bb2&#8243; top_padding=\u00bb2&#8243; bottom_padding=\u00bb2&#8243; back_color=\u00bbcolor-lxmt\u00bb back_image=\u00bb143208&#8243; parallax=\u00bbyes\u00bb overlay_color=\u00bbcolor-580691&#8243; overlay_alpha=\u00bb90&#8243; gutter_size=\u00bb3&#8243; column_width_percent=\u00bb100&#8243; shift_y=\u00bb0&#8243; z_index=\u00bb0&#8243; enable_bottom_divider=\u00bbdefault\u00bb shape_bottom_h_use_pixel=\u00bbtrue\u00bb shape_bottom_height_percent=\u00bb60&#8243; shape_bottom_opacity=\u00bb100&#8243; shape_bottom_ratio=\u00bbyes\u00bb shape_bottom_index=\u00bb0&#8243; row_name=\u00bbSample 5&#8243; uncode_shortcode_id=\u00bb839250&#8243; overlay_color_type=\u00bbuncode-palette\u00bb back_color_type=\u00bbuncode-palette\u00bb][vc_column column_width_percent=\u00bb100&#8243; position_vertical=\u00bbmiddle\u00bb align_horizontal=\u00bbalign_center\u00bb gutter_size=\u00bb2&#8243; style=\u00bbdark\u00bb overlay_alpha=\u00bb50&#8243; shift_x=\u00bb0&#8243; shift_y=\u00bb0&#8243; shift_y_down=\u00bb0&#8243; z_index=\u00bb0&#8243; medium_width=\u00bb0&#8243; mobile_width=\u00bb0&#8243; width=\u00bb1\/1&#8243; uncode_shortcode_id=\u00bb606228&#8243;][vc_single_image media=\u00bb145748&#8243; media_width_use_pixel=\u00bbyes\u00bb alignment=\u00bbcenter\u00bb uncode_shortcode_id=\u00bb326449&#8243; media_width_pixel=\u00bb600&#8243;][\/vc_column][\/vc_row][vc_row row_height_percent=\u00bb0&#8243; override_padding=\u00bbyes\u00bb h_padding=\u00bb2&#8243; top_padding=\u00bb1&#8243; bottom_padding=\u00bb4&#8243; overlay_alpha=\u00bb50&#8243; gutter_size=\u00bb3&#8243; column_width_percent=\u00bb100&#8243; shift_y=\u00bb0&#8243; z_index=\u00bb0&#8243; uncode_shortcode_id=\u00bb290414&#8243;][vc_column width=\u00bb1\/1&#8243;][vc_row_inner row_inner_height_percent=\u00bb0&#8243; overlay_alpha=\u00bb50&#8243; gutter_size=\u00bb3&#8243; shift_y=\u00bb0&#8243; z_index=\u00bb0&#8243; limit_content=\u00bb\u00bb][vc_column_inner column_width_use_pixel=\u00bbyes\u00bb align_horizontal=\u00bbalign_center\u00bb gutter_size=\u00bb2&#8243; overlay_alpha=\u00bb50&#8243; shift_x=\u00bb0&#8243; shift_y=\u00bb0&#8243; shift_y_down=\u00bb0&#8243; z_index=\u00bb0&#8243; medium_width=\u00bb0&#8243; mobile_width=\u00bb0&#8243; width=\u00bb1\/1&#8243; column_width_pixel=\u00bb750&#8243; uncode_shortcode_id=\u00bb191657&#8243;][vc_custom_heading heading_semantic=\u00bbh3&#8243; text_size=\u00bbfontsize-293852&#8243; text_weight=\u00bb400&#8243; uncode_shortcode_id=\u00bb169362&#8243;]Sistema de entubado PUMEX<strong><sup>\u00ae<\/sup><\/strong>[\/vc_custom_heading][vc_column_text text_lead=\u00bbyes\u00bb uncode_shortcode_id=\u00bb440443&#8243;]<span style=\"font-weight: 400;\">En Drillco<sup>\u00ae<\/sup>, nuestras <\/span> brocas con sistema PUMEX<sup>\u00ae <\/sup><span style=\"font-weight: 400;\"> est\u00e1n dise\u00f1adas para optimizar el rendimiento en <\/span>entornos mineros<span style=\"font-weight: 400;\"> dif\u00edciles <\/span><span style=\"font-weight: 400;\">. Estos bits son m\u00e1s eficaces cuando se utilizan con nuestra <\/span>Martillo DTH PM5.2<span style=\"font-weight: 400;\"> o dentro de la <\/span>gama de martillos de 5 pulgadas<span style=\"font-weight: 400;\">, garantizando una <\/span>perforaci\u00f3n<span style=\"font-weight: 400;\"> eficiente <\/span>de la sobrecarga<span style=\"font-weight: 400;\"> y un <\/span>avance preciso de la tuber\u00eda de revestimiento.<span style=\"font-weight: 400;\">. Ideales para perforar a trav\u00e9s de capas geol\u00f3gicas complejas, estas herramientas proporcionan un <\/span>durabilidad<span style=\"font-weight: 400;\"> y <\/span>precisi\u00f3n<span style=\"font-weight: 400;\">minimizando el tiempo de inactividad y maximizando la productividad. Conf\u00eda en Drillco<sup>\u00ae<\/sup>\u00a0para <\/span>soluciones de perforaci\u00f3n de vanguardia<span style=\"font-weight: 400;\"> que mejoran tus operaciones mineras con los \u00faltimos avances tecnol\u00f3gicos.<\/span>[\/vc_column_text][\/vc_column_inner][\/vc_row_inner][\/vc_column][\/vc_row][vc_row unlock_row_content=\u00bbyes\u00bb row_height_percent=\u00bb50&#8243; override_padding=\u00bbyes\u00bb h_padding=\u00bb0&#8243; top_padding=\u00bb0&#8243; bottom_padding=\u00bb0&#8243; back_color=\u00bbcolor-lxmt\u00bb overlay_alpha=\u00bb50&#8243; equal_height=\u00bbyes\u00bb gutter_size=\u00bb0&#8243; column_width_percent=\u00bb100&#8243; shift_y=\u00bb0&#8243; z_index=\u00bb0&#8243; uncode_shortcode_id=\u00bb175327&#8243; back_color_type=\u00bbuncode-palette\u00bb][vc_column column_width_percent=\u00bb100&#8243; gutter_size=\u00bb3&#8243; back_image=\u00bb146217&#8243; back_position=\u00bbcenter center\u00bb overlay_alpha=\u00bb50&#8243; shift_x=\u00bb0&#8243; shift_y=\u00bb0&#8243; shift_y_down=\u00bb0&#8243; z_index=\u00bb0&#8243; medium_width=\u00bb0&#8243; mobile_width=\u00bb0&#8243; width=\u00bb1\/2&#8243; mobile_height=\u00bb300&#8243; uncode_shortcode_id=\u00bb621101&#8243;][\/vc_column][vc_column column_width_percent=\u00bb100&#8243; gutter_size=\u00bb0&#8243; overlay_alpha=\u00bb50&#8243; shift_x=\u00bb0&#8243; shift_y=\u00bb0&#8243; shift_y_down=\u00bb0&#8243; z_index=\u00bb0&#8243; medium_width=\u00bb0&#8243; mobile_width=\u00bb0&#8243; width=\u00bb1\/2&#8243; uncode_shortcode_id=\u00bb123672&#8243;][vc_row_inner row_inner_height_percent=\u00bb50&#8243; back_color=\u00bbcolor-lxmt\u00bb overlay_alpha=\u00bb50&#8243; gutter_size=\u00bb3&#8243; shift_y=\u00bb0&#8243; z_index=\u00bb0&#8243; limit_content=\u00bb\u00bb uncode_shortcode_id=\u00bb854652&#8243; back_color_type=\u00bbuncode-palette\u00bb][vc_column_inner column_width_percent=\u00bb100&#8243; gutter_size=\u00bb2&#8243; override_padding=\u00bbyes\u00bb column_padding=\u00bb4&#8243; font_family=\u00bbfont-136269&#8243; overlay_alpha=\u00bb50&#8243; shift_x=\u00bb0&#8243; shift_y=\u00bb0&#8243; shift_y_down=\u00bb0&#8243; z_index=\u00bb0&#8243; medium_width=\u00bb0&#8243; mobile_width=\u00bb0&#8243; width=\u00bb1\/1&#8243; uncode_shortcode_id=\u00bb167415&#8243;][vc_custom_heading text_color=\u00bbcolor-xsdn\u00bb heading_semantic=\u00bbh6&#8243; text_size=\u00bbfontsize-160000&#8243; text_transform=\u00bbuppercase\u00bb text_height=\u00bbfontheight-357766&#8243; text_space=\u00bbfontspace-210350&#8243; badge_style=\u00bbyes\u00bb back_color=\u00bbaccent\u00bb uncode_shortcode_id=\u00bb900537&#8243; text_color_type=\u00bbuncode-palette\u00bb back_color_type=\u00bbuncode-palette\u00bb]<span style=\"font-weight: 400;\">PUMEX<sup>\u00ae<\/sup><\/span>[\/vc_custom_heading][vc_custom_heading text_color=\u00bbcolor-prif\u00bb text_font=\u00bbfont-183662&#8243; text_size=\u00bbfontsize-293852&#8243; text_weight=\u00bb300&#8243; sub_reduced=\u00bbyes\u00bb uncode_shortcode_id=\u00bb694611&#8243; text_color_type=\u00bbuncode-palette\u00bb]Revolucionando la perforaci\u00f3n con revestimiento y protecci\u00f3n simult\u00e1neos.[\/vc_custom_heading][vc_column_text text_lead=\u00bbyes\u00bb uncode_shortcode_id=\u00bb201951&#8243;]Perforar en terrenos como grava, cantos rodados, arenas o cualquier tipo de sobrecarga suelta o fracturada, resulta casi imposible con los m\u00e9todos de perforaci\u00f3n convencionales debido al colapso del agujero y al consiguiente relleno de material en su interior.[\/vc_column_text][\/vc_column_inner][\/vc_row_inner][\/vc_column][\/vc_row][vc_row unlock_row_content=\u00bbyes\u00bb row_height_percent=\u00bb0&#8243; override_padding=\u00bbyes\u00bb h_padding=\u00bb0&#8243; top_padding=\u00bb0&#8243; bottom_padding=\u00bb0&#8243; back_color=\u00bbcolor-prif\u00bb overlay_alpha=\u00bb50&#8243; overlay_animated=\u00bbyes\u00bb overlay_animated_1_color=\u00bbcolor-wvjs\u00bb equal_height=\u00bbyes\u00bb gutter_size=\u00bb0&#8243; column_width_percent=\u00bb100&#8243; shift_y=\u00bb0&#8243; z_index=\u00bb0&#8243; uncode_shortcode_id=\u00bb199093&#8243; back_color_type=\u00bbuncode-palette\u00bb overlay_animated_1_color_type=\u00bbuncode-palette\u00bb][vc_column column_width_percent=\u00bb100&#8243; position_vertical=\u00bbmiddle\u00bb gutter_size=\u00bb3&#8243; override_padding=\u00bbyes\u00bb column_padding=\u00bb4&#8243; style=\u00bbdark\u00bb font_family=\u00bbfont-183662&#8243; overlay_alpha=\u00bb50&#8243; shift_x=\u00bb0&#8243; shift_y=\u00bb0&#8243; shift_y_down=\u00bb0&#8243; z_index=\u00bb0&#8243; medium_width=\u00bb0&#8243; mobile_width=\u00bb0&#8243; width=\u00bb1\/2&#8243; uncode_shortcode_id=\u00bb496812&#8243;][vc_custom_heading text_color=\u00bbcolor-xsdn\u00bb heading_semantic=\u00bbh6&#8243; text_size=\u00bbfontsize-160000&#8243; text_transform=\u00bbuppercase\u00bb text_height=\u00bbfontheight-357766&#8243; text_space=\u00bbfontspace-210350&#8243; badge_style=\u00bbyes\u00bb back_color=\u00bbaccent\u00bb uncode_shortcode_id=\u00bb131108&#8243; text_color_type=\u00bbuncode-palette\u00bb back_color_type=\u00bbuncode-palette\u00bb]Sistema de Bits[\/vc_custom_heading][vc_custom_heading text_color=\u00bbcolor-xsdn\u00bb text_font=\u00bbfont-183662&#8243; text_size=\u00bbfontsize-293852&#8243; text_weight=\u00bb400&#8243; uncode_shortcode_id=\u00bb138225&#8243; text_color_type=\u00bbuncode-palette\u00bb]Innovando la seguridad con la perforaci\u00f3n y el revestimiento simult\u00e1neos.[\/vc_custom_heading][vc_column_text text_lead=\u00bbyes\u00bb text_color=\u00bbcolor-xsdn\u00bb uncode_shortcode_id=\u00bb130035&#8243; text_color_type=\u00bbuncode-palette\u00bb]<span style=\"font-weight: 400;\">El <\/span>PUMEX<sup>\u00ae<\/sup><span style=\"font-weight: 400;\"> permite realizar, al mismo tiempo, la perforaci\u00f3n del agujero y su revestimiento, dejando una protecci\u00f3n interior que evita la ca\u00edda de material dentro del agujero y elimina el riesgo de p\u00e9rdida de herramientas de perforaci\u00f3n. <\/span>[\/vc_column_text][vc_empty_space empty_h=\u00bb1&#8243;][\/vc_column][vc_column column_width_percent=\u00bb100&#8243; gutter_size=\u00bb3&#8243; back_color=\u00bbcolor-xsdn\u00bb overlay_alpha=\u00bb50&#8243; shift_x=\u00bb0&#8243; shift_y=\u00bb0&#8243; shift_y_down=\u00bb0&#8243; z_index=\u00bb0&#8243; medium_width=\u00bb0&#8243; mobile_width=\u00bb0&#8243; width=\u00bb1\/2&#8243; uncode_shortcode_id=\u00bb175508&#8243; mobile_height=\u00bb300&#8243; back_color_type=\u00bbuncode-palette\u00bb][vc_single_image media=\u00bb145754&#8243; media_width_percent=\u00bb100&#8243; alignment=\u00bbcenter\u00bb uncode_shortcode_id=\u00bb181103&#8243;][\/vc_column][\/vc_row][vc_row unlock_row_content=\u00bbyes\u00bb row_height_percent=\u00bb50&#8243; override_padding=\u00bbyes\u00bb h_padding=\u00bb0&#8243; top_padding=\u00bb0&#8243; bottom_padding=\u00bb0&#8243; back_color=\u00bbcolor-lxmt\u00bb overlay_alpha=\u00bb50&#8243; equal_height=\u00bbyes\u00bb gutter_size=\u00bb0&#8243; column_width_percent=\u00bb100&#8243; shift_y=\u00bb0&#8243; z_index=\u00bb0&#8243; inverted_device_order=\u00bbyes\u00bb uncode_shortcode_id=\u00bb120008&#8243; back_color_type=\u00bbuncode-palette\u00bb][vc_column column_width_percent=\u00bb100&#8243; gutter_size=\u00bb3&#8243; back_color=\u00bbcolor-xsdn\u00bb overlay_alpha=\u00bb50&#8243; shift_x=\u00bb0&#8243; shift_y=\u00bb0&#8243; shift_y_down=\u00bb0&#8243; z_index=\u00bb0&#8243; medium_width=\u00bb0&#8243; mobile_width=\u00bb0&#8243; width=\u00bb1\/2&#8243; mobile_height=\u00bb500&#8243; uncode_shortcode_id=\u00bb136008&#8243; back_color_type=\u00bbuncode-palette\u00bb][vc_single_image media=\u00bb145773&#8243; media_width_percent=\u00bb45&#8243; alignment=\u00bbcenter\u00bb uncode_shortcode_id=\u00bb423438&#8243;][\/vc_column][vc_column column_width_percent=\u00bb100&#8243; gutter_size=\u00bb0&#8243; overlay_alpha=\u00bb50&#8243; shift_x=\u00bb0&#8243; shift_y=\u00bb0&#8243; shift_y_down=\u00bb0&#8243; z_index=\u00bb0&#8243; medium_width=\u00bb0&#8243; mobile_width=\u00bb0&#8243; width=\u00bb1\/2&#8243; uncode_shortcode_id=\u00bb134923&#8243;][vc_row_inner row_inner_height_percent=\u00bb50&#8243; back_color=\u00bbcolor-lxmt\u00bb overlay_alpha=\u00bb50&#8243; gutter_size=\u00bb3&#8243; shift_y=\u00bb0&#8243; z_index=\u00bb0&#8243; limit_content=\u00bb\u00bb uncode_shortcode_id=\u00bb854652&#8243; back_color_type=\u00bbuncode-palette\u00bb][vc_column_inner column_width_percent=\u00bb100&#8243; gutter_size=\u00bb2&#8243; override_padding=\u00bbyes\u00bb column_padding=\u00bb4&#8243; font_family=\u00bbfont-136269&#8243; overlay_alpha=\u00bb50&#8243; shift_x=\u00bb0&#8243; shift_y=\u00bb0&#8243; shift_y_down=\u00bb0&#8243; z_index=\u00bb0&#8243; medium_width=\u00bb0&#8243; mobile_width=\u00bb0&#8243; width=\u00bb1\/1&#8243; uncode_shortcode_id=\u00bb167415&#8243;][vc_custom_heading text_color=\u00bbcolor-xsdn\u00bb heading_semantic=\u00bbh6&#8243; text_size=\u00bbfontsize-160000&#8243; text_transform=\u00bbuppercase\u00bb text_height=\u00bbfontheight-357766&#8243; text_space=\u00bbfontspace-210350&#8243; badge_style=\u00bbyes\u00bb back_color=\u00bbaccent\u00bb uncode_shortcode_id=\u00bb149399&#8243; text_color_type=\u00bbuncode-palette\u00bb back_color_type=\u00bbuncode-palette\u00bb]sistema complejo[\/vc_custom_heading][vc_custom_heading text_color=\u00bbcolor-prif\u00bb text_font=\u00bbfont-183662&#8243; text_size=\u00bbfontsize-293852&#8243; text_weight=\u00bb300&#8243; sub_reduced=\u00bbyes\u00bb uncode_shortcode_id=\u00bb807074&#8243; text_color_type=\u00bbuncode-palette\u00bb]Nuestras brocas del sistema <span style=\"font-weight: 400;\">PUMEX<sup>\u00ae<\/sup><\/span>[\/vc_custom_heading][vc_column_text text_lead=\u00bbyes\u00bb uncode_shortcode_id=\u00bb974701&#8243;]Con un fuerte enfoque en la seguridad, el sistema <span style=\"font-weight: 400;\">PUMEX<sup>\u00ae<\/sup><\/span>\u00a0mitiga los peligros asociados a los materiales sueltos, lo que lo convierte en una opci\u00f3n fiable para cualquier explotaci\u00f3n minera.[\/vc_column_text][vc_empty_space empty_h=\u00bb2&#8243;][vc_column_text text_lead=\u00bbyes\u00bb text_color=\u00bbcolor-prif\u00bb uncode_shortcode_id=\u00bb185786&#8243; text_color_type=\u00bbuncode-palette\u00bb]<strong>COMPONENTES DEL SISTEMA<\/strong><br \/>\n1.- DISPOSITIVO DE GU\u00cdA<br \/>\n2.- ESCARIADOR<br \/>\n3.- BROCA PILOTO<br \/>\n4.- ZAPATILLA DE ENCAJE<br \/>\n5.- TORNILLO EL\u00c1STICO (CONEXI\u00d3N)<br \/>\n6.- PIN DE BLOQUEO<br \/>\n7.- PUNZ\u00d3N (Elemento para el montaje)<br \/>\n8.- BOLAS DE BLOQUEO[\/vc_column_text][\/vc_column_inner][\/vc_row_inner][\/vc_column][\/vc_row][vc_row unlock_row_content=\u00bbyes\u00bb row_height_percent=\u00bb0&#8243; override_padding=\u00bbyes\u00bb h_padding=\u00bb0&#8243; top_padding=\u00bb0&#8243; bottom_padding=\u00bb0&#8243; back_color=\u00bbcolor-580691&#8243; overlay_alpha=\u00bb50&#8243; overlay_animated=\u00bbyes\u00bb overlay_animated_1_color=\u00bbcolor-328143&#8243; equal_height=\u00bbyes\u00bb gutter_size=\u00bb0&#8243; column_width_percent=\u00bb100&#8243; shift_y=\u00bb0&#8243; z_index=\u00bb0&#8243; uncode_shortcode_id=\u00bb836323&#8243; back_color_type=\u00bbuncode-palette\u00bb overlay_animated_1_color_type=\u00bbuncode-palette\u00bb][vc_column column_width_percent=\u00bb100&#8243; position_vertical=\u00bbmiddle\u00bb gutter_size=\u00bb3&#8243; override_padding=\u00bbyes\u00bb column_padding=\u00bb4&#8243; style=\u00bbdark\u00bb font_family=\u00bbfont-183662&#8243; overlay_alpha=\u00bb50&#8243; shift_x=\u00bb0&#8243; shift_y=\u00bb0&#8243; shift_y_down=\u00bb0&#8243; z_index=\u00bb0&#8243; medium_width=\u00bb0&#8243; mobile_width=\u00bb0&#8243; width=\u00bb1\/2&#8243; uncode_shortcode_id=\u00bb496812&#8243;][vc_custom_heading text_color=\u00bbcolor-xsdn\u00bb heading_semantic=\u00bbh6&#8243; text_size=\u00bbfontsize-160000&#8243; text_transform=\u00bbuppercase\u00bb text_height=\u00bbfontheight-357766&#8243; text_space=\u00bbfontspace-210350&#8243; badge_style=\u00bbyes\u00bb back_color=\u00bbaccent\u00bb uncode_shortcode_id=\u00bb220934&#8243; text_color_type=\u00bbuncode-palette\u00bb back_color_type=\u00bbuncode-palette\u00bb]PRINCIPIOS[\/vc_custom_heading][vc_custom_heading text_color=\u00bbcolor-xsdn\u00bb text_font=\u00bbfont-183662&#8243; text_size=\u00bbfontsize-293852&#8243; text_weight=\u00bb400&#8243; uncode_shortcode_id=\u00bb112311&#8243; text_color_type=\u00bbuncode-palette\u00bb]El funcionamiento del sistema <span style=\"font-weight: 400;\">PUMEX<sup>\u00ae<\/sup><\/span><span style=\"font-weight: 400;\">\u00a0se basa en el escariado y la perforaci\u00f3n del agujero.<\/span>[\/vc_custom_heading][vc_column_text text_lead=\u00bbyes\u00bb text_color=\u00bbcolor-xsdn\u00bb uncode_shortcode_id=\u00bb147213&#8243; text_color_type=\u00bbuncode-palette\u00bb]El funcionamiento del sistem <span style=\"font-weight: 400;\">PUMEX<sup>\u00ae<\/sup><\/span>\u00a0se basa en el escariado y perforaci\u00f3n del agujero. El eje de rotaci\u00f3n de la broca piloto se desplaza con respecto al eje de la sarta de perforaci\u00f3n. Cuando el sistema gira hacia la derecha, el escariador se abre describiendo un \u00e1ngulo ligeramente mayor que el tubo de revestimiento (ver Fig.1). Cuando el sistema gira hacia la izquierda, el escariador se cierra a un di\u00e1metro inferior al de la gu\u00eda, permitiendo as\u00ed sacar el sistema del agujero, pasando por el di\u00e1metro interior de la zapata de entubaci\u00f3n y la tuber\u00eda de revestimiento (ver Fig. 2).<\/p>\n<p><strong>El hincado de la carcasa se produce mediante la transmisi\u00f3n de la energ\u00eda de impacto del martillo desde el Dispositivo Gu\u00eda a la Zapata de la Carcasa. <\/strong>[\/vc_column_text][\/vc_column][vc_column column_width_percent=\u00bb100&#8243; position_vertical=\u00bbmiddle\u00bb align_horizontal=\u00bbalign_center\u00bb gutter_size=\u00bb5&#8243; back_color=\u00bbcolor-xsdn\u00bb overlay_alpha=\u00bb50&#8243; shift_x=\u00bb0&#8243; shift_y=\u00bb0&#8243; shift_y_down=\u00bb0&#8243; z_index=\u00bb0&#8243; medium_width=\u00bb0&#8243; mobile_width=\u00bb0&#8243; width=\u00bb1\/2&#8243; uncode_shortcode_id=\u00bb203963&#8243; mobile_height=\u00bb400&#8243; back_color_type=\u00bbuncode-palette\u00bb][vc_single_image media=\u00bb145829&#8243; media_width_percent=\u00bb87&#8243; alignment=\u00bbcenter\u00bb uncode_shortcode_id=\u00bb948901&#8243;][\/vc_column][\/vc_row][vc_row unlock_row_content=\u00bbyes\u00bb row_height_percent=\u00bb50&#8243; override_padding=\u00bbyes\u00bb h_padding=\u00bb0&#8243; top_padding=\u00bb0&#8243; bottom_padding=\u00bb0&#8243; back_color=\u00bbcolor-lxmt\u00bb overlay_alpha=\u00bb50&#8243; equal_height=\u00bbyes\u00bb gutter_size=\u00bb0&#8243; column_width_percent=\u00bb100&#8243; shift_y=\u00bb0&#8243; z_index=\u00bb0&#8243; inverted_device_order=\u00bbyes\u00bb uncode_shortcode_id=\u00bb120008&#8243; back_color_type=\u00bbuncode-palette\u00bb][vc_column column_width_percent=\u00bb100&#8243; gutter_size=\u00bb3&#8243; back_color=\u00bbcolor-xsdn\u00bb overlay_alpha=\u00bb50&#8243; shift_x=\u00bb0&#8243; shift_y=\u00bb0&#8243; shift_y_down=\u00bb0&#8243; z_index=\u00bb0&#8243; medium_width=\u00bb0&#8243; mobile_width=\u00bb0&#8243; width=\u00bb1\/2&#8243; mobile_height=\u00bb500&#8243; uncode_shortcode_id=\u00bb136008&#8243; back_color_type=\u00bbuncode-palette\u00bb][vc_single_image media=\u00bb145828&#8243; media_width_percent=\u00bb81&#8243; alignment=\u00bbcenter\u00bb uncode_shortcode_id=\u00bb182569&#8243;][\/vc_column][vc_column column_width_percent=\u00bb100&#8243; gutter_size=\u00bb0&#8243; overlay_alpha=\u00bb50&#8243; shift_x=\u00bb0&#8243; shift_y=\u00bb0&#8243; shift_y_down=\u00bb0&#8243; z_index=\u00bb0&#8243; medium_width=\u00bb0&#8243; mobile_width=\u00bb0&#8243; width=\u00bb1\/2&#8243; uncode_shortcode_id=\u00bb134923&#8243;][vc_row_inner row_inner_height_percent=\u00bb50&#8243; back_color=\u00bbcolor-lxmt\u00bb overlay_alpha=\u00bb50&#8243; gutter_size=\u00bb3&#8243; shift_y=\u00bb0&#8243; z_index=\u00bb0&#8243; limit_content=\u00bb\u00bb uncode_shortcode_id=\u00bb854652&#8243; back_color_type=\u00bbuncode-palette\u00bb][vc_column_inner column_width_percent=\u00bb100&#8243; gutter_size=\u00bb2&#8243; override_padding=\u00bbyes\u00bb column_padding=\u00bb4&#8243; font_family=\u00bbfont-136269&#8243; overlay_alpha=\u00bb50&#8243; shift_x=\u00bb0&#8243; shift_y=\u00bb0&#8243; shift_y_down=\u00bb0&#8243; z_index=\u00bb0&#8243; medium_width=\u00bb0&#8243; mobile_width=\u00bb0&#8243; width=\u00bb1\/1&#8243; uncode_shortcode_id=\u00bb167415&#8243;][vc_column_text text_lead=\u00bbyes\u00bb text_color=\u00bbcolor-prif\u00bb uncode_shortcode_id=\u00bb202072&#8243; text_color_type=\u00bbuncode-palette\u00bb]El apoyo entre la zapata de la carcasa y el dispositivo gu\u00eda se realiza sobre un anillo anular en la zapata de la carcasa. No es necesario girar los tubos de revestimiento, ya que siempre est\u00e1n libres durante la perforaci\u00f3n (ver Fig. 3). La zapata de entubaci\u00f3n se fija al tubo piloto (que se diferencia del resto de tubos de entubaci\u00f3n por ser m\u00e1s corto) mediante un cord\u00f3n de soldadura. Los siguientes tubos se van a\u00f1adiendo a medida que se profundiza en la perforaci\u00f3n, su uni\u00f3n puede ser soldada o roscada (ver fig. 4). Una vez alcanzada la profundidad deseada, la perforaci\u00f3n puede continuar con un sistema convencional, teniendo cuidado de que el di\u00e1metro exterior de la broca sea menor que el di\u00e1metro interior de la carcasa (ver fig. 5).<\/p>\n<p><strong>Si se va a recuperar la tuber\u00eda de revestimiento, una vez terminada la perforaci\u00f3n, se recomienda roscar la uni\u00f3n de la tuber\u00eda. <\/strong>[\/vc_column_text][vc_button button_color=\u00bbaccent\u00bb radius=\u00bbbtn-circle\u00bb border_width=\u00bb0&#8243; link=\u00bburl:https%3A%2F%2Fdrillco.com%2Fwp-content%2Fuploads%2F2024%2F12%2FDrillco_Catalogue-PUMEX.pdf|title:DESCARGA%20BROCHURE|target:_blank\u00bb button_color_type=\u00bbuncode-palette\u00bb uncode_shortcode_id=\u00bb861234&#8243;]DESCARGAR FOLLETO \u27f6[\/vc_button][\/vc_column_inner][\/vc_row_inner][\/vc_column][\/vc_row][vc_row][vc_column width=\u00bb1\/1&#8243;][\/vc_column][\/vc_row]<\/p>\n<\/div>","protected":false},"excerpt":{"rendered":"<p>[vc_row row_height_percent=\u00bb50&#8243; override_padding=\u00bbyes\u00bb h_padding=\u00bb2&#8243; top_padding=\u00bb2&#8243; bottom_padding=\u00bb2&#8243; back_color=\u00bbcolor-lxmt\u00bb back_image=\u00bb143208&#8243; parallax=\u00bbyes\u00bb overlay_color=\u00bbcolor-580691&#8243; overlay_alpha=\u00bb90&#8243; gutter_size=\u00bb3&#8243; column_width_percent=\u00bb100&#8243; shift_y=\u00bb0&#8243; z_index=\u00bb0&#8243; enable_bottom_divider=\u00bbdefault\u00bb shape_bottom_h_use_pixel=\u00bbtrue\u00bb shape_bottom_height_percent=\u00bb60&#8243; shape_bottom_opacity=\u00bb100&#8243; shape_bottom_ratio=\u00bbyes\u00bb [&hellip;]<\/p>\n","protected":false},"author":2,"featured_media":0,"parent":0,"menu_order":0,"comment_status":"closed","ping_status":"closed","template":"","meta":{"footnotes":""},"class_list":["post-146390","page","type-page","status-publish","hentry"],"_links":{"self":[{"href":"https:\/\/drillco.com\/es\/wp-json\/wp\/v2\/pages\/146390","targetHints":{"allow":["GET"]}}],"collection":[{"href":"https:\/\/drillco.com\/es\/wp-json\/wp\/v2\/pages"}],"about":[{"href":"https:\/\/drillco.com\/es\/wp-json\/wp\/v2\/types\/page"}],"author":[{"embeddable":true,"href":"https:\/\/drillco.com\/es\/wp-json\/wp\/v2\/users\/2"}],"replies":[{"embeddable":true,"href":"https:\/\/drillco.com\/es\/wp-json\/wp\/v2\/comments?post=146390"}],"version-history":[{"count":0,"href":"https:\/\/drillco.com\/es\/wp-json\/wp\/v2\/pages\/146390\/revisions"}],"wp:attachment":[{"href":"https:\/\/drillco.com\/es\/wp-json\/wp\/v2\/media?parent=146390"}],"curies":[{"name":"wp","href":"https:\/\/api.w.org\/{rel}","templated":true}]}}